{"id":9400,"date":"2026-03-11T07:42:32","date_gmt":"2026-03-11T07:42:32","guid":{"rendered":"https:\/\/rtnhouse.com\/kariyer\/"},"modified":"2026-03-11T14:40:54","modified_gmt":"2026-03-11T14:40:54","slug":"kariyer","status":"publish","type":"page","link":"https:\/\/rtnhouse.com\/tr\/kariyer\/","title":{"rendered":"Kariyer"},"content":{"rendered":"\t\t<div data-elementor-type=\"wp-page\" data-elementor-id=\"9400\" class=\"elementor elementor-9400 elementor-9356\" data-elementor-post-type=\"page\">\n\t\t\t\t<div class=\"elementor-element elementor-element-defc14a e-flex e-con-boxed e-con e-parent\" data-id=\"defc14a\" data-element_type=\"container\" data-settings=\"{&quot;background_background&quot;:&quot;classic&quot;}\">\n\t\t\t\t\t<div class=\"e-con-inner\">\n\t\t\t\t<div class=\"elementor-element elementor-element-b0d5eb4 elementor-widget elementor-widget-html\" data-id=\"b0d5eb4\" data-element_type=\"widget\" data-widget_type=\"html.default\">\n\t\t\t\t\t<link rel=\"preconnect\" href=\"https:\/\/fonts.googleapis.com\">\n<link href=\"https:\/\/fonts.googleapis.com\/css2?family=Barlow:wght@300;400;500&family=Barlow+Semi+Condensed:wght@600;700&display=swap\" rel=\"stylesheet\">\n\n<section class=\"rtn-career-hero\">\n  <div class=\"rtn-career-bg\">\n    <div class=\"rtn-grid\"><\/div>\n    <div class=\"rtn-orb rtn-orb-1\"><\/div>\n    <div class=\"rtn-orb rtn-orb-2\"><\/div>\n    <div class=\"rtn-orb rtn-orb-3\"><\/div>\n    <div class=\"rtn-scanline\"><\/div>\n  <\/div>\n\n  <div class=\"rtn-career-container\">\n\n    <!-- Hero -->\n    <div class=\"rtn-hero-block\">\n      <div class=\"rtn-eyebrow\">\n        <span class=\"rtn-dot\"><\/span>\n        <span>Kariyer<\/span>\n        <span class=\"rtn-dot\"><\/span>\n      <\/div>\n\n      <h1 class=\"rtn-headline\">\n        <span class=\"rtn-line rtn-line-1\">Ekibimize<\/span>\n        <span class=\"rtn-line rtn-line-2\">\n          <em>Kat\u0131l<\/em>\n          <svg class=\"rtn-arrow-head\" viewBox=\"0 0 80 40\" fill=\"none\">\n            <path d=\"M0 20 H72 M56 4 L76 20 L56 36\" stroke=\"currentColor\" stroke-width=\"3\" stroke-linecap=\"round\" stroke-linejoin=\"round\"\/>\n          <\/svg>\n        <\/span>\n      <\/h1>\n\n      <p class=\"rtn-sub\">\n        Bizimle b\u00fcy\u00fcmek isteyen yetenekli <strong>pazarlamac\u0131lar<\/strong>,\n        <strong>tasar\u0131mc\u0131lar<\/strong> ve <strong>geli\u015ftiriciler<\/strong> ar\u0131yoruz.\n      <\/p>\n    <\/div>\n\n    <!-- Ticker -->\n    <div class=\"rtn-ticker\">\n      <div class=\"rtn-ticker-inner\">\n        <span>Pazarlamac\u0131lar<\/span><span class=\"rtn-sep\">\u25c6<\/span>\n        <span>Tasar\u0131mc\u0131lar<\/span><span class=\"rtn-sep\">\u25c6<\/span>\n        <span>Geli\u015ftiriciler<\/span><span class=\"rtn-sep\">\u25c6<\/span>\n        <span>Stratejistler<\/span><span class=\"rtn-sep\">\u25c6<\/span>\n        <span>Yarat\u0131c\u0131lar<\/span><span class=\"rtn-sep\">\u25c6<\/span>\n        <span>Pazarlamac\u0131lar<\/span><span class=\"rtn-sep\">\u25c6<\/span>\n        <span>Tasar\u0131mc\u0131lar<\/span><span class=\"rtn-sep\">\u25c6<\/span>\n        <span>Geli\u015ftiriciler<\/span><span class=\"rtn-sep\">\u25c6<\/span>\n        <span>Stratejistler<\/span><span class=\"rtn-sep\">\u25c6<\/span>\n        <span>Yarat\u0131c\u0131lar<\/span><span class=\"rtn-sep\">\u25c6<\/span>\n      <\/div>\n    <\/div>\n\n    <!-- Info Cards -->\n    <div class=\"rtn-cards\">\n      <div class=\"rtn-card rtn-card--1\">\n        <div class=\"rtn-card-icon\">\n          <svg viewBox=\"0 0 24 24\" fill=\"none\"><circle cx=\"12\" cy=\"8\" r=\"4\" stroke=\"currentColor\" stroke-width=\"1.6\"\/><path d=\"M4 20c0-4 3.6-7 8-7s8 3 8 7\" stroke=\"currentColor\" stroke-width=\"1.6\" stroke-linecap=\"round\"\/><\/svg>\n        <\/div>\n        <h2>Biz Kimiz?<\/h2>\n        <p>RTN House, performans odakl\u0131 pazarlama \u00e7\u00f6z\u00fcmleri sunan lider bir ajans. Veri odakl\u0131 stratejilerimiz ve yenilik\u00e7i yakla\u015f\u0131mlar\u0131m\u0131zla m\u00fc\u015fterilerimizin hedeflerine ula\u015fmas\u0131na yard\u0131mc\u0131 oluyoruz. Ekip olarak s\u00fcrekli \u00f6\u011frenmeyi ve kendini geli\u015ftirmeyi benimsiyoruz.<\/p>\n      <\/div>\n\n      <div class=\"rtn-card rtn-card--2\">\n        <div class=\"rtn-card-icon\">\n          <svg viewBox=\"0 0 24 24\" fill=\"none\"><path d=\"M17 21v-2a4 4 0 0 0-4-4H5a4 4 0 0 0-4 4v2\" stroke=\"currentColor\" stroke-width=\"1.6\" stroke-linecap=\"round\"\/><circle cx=\"9\" cy=\"7\" r=\"4\" stroke=\"currentColor\" stroke-width=\"1.6\"\/><path d=\"M23 21v-2a4 4 0 0 0-3-3.87M16 3.13a4 4 0 0 1 0 7.75\" stroke=\"currentColor\" stroke-width=\"1.6\" stroke-linecap=\"round\"\/><\/svg>\n        <\/div>\n        <h2>\u015eirket K\u00fclt\u00fcr\u00fcm\u00fcz<\/h2>\n        <p>K\u00fclt\u00fcr\u00fcm\u00fcz yarat\u0131c\u0131l\u0131k, \u015feffafl\u0131k ve ekip \u00e7al\u0131\u015fmas\u0131na dayan\u0131r. \u00c7e\u015fitlilik ve kapsay\u0131c\u0131l\u0131\u011f\u0131 destekleyen bir ortamda herkesin fikirlerinin de\u011ferli oldu\u011funa inan\u0131yoruz. \u00c7al\u0131\u015fanlar\u0131m\u0131z\u0131n mutlulu\u011funu ve kariyer geli\u015fimini her zaman \u00f6n planda tutuyoruz.<\/p>\n      <\/div>\n\n      <div class=\"rtn-card rtn-card--3\">\n        <div class=\"rtn-card-icon\">\n          <svg viewBox=\"0 0 24 24\" fill=\"none\"><path d=\"M9 12l2 2 4-4\" stroke=\"currentColor\" stroke-width=\"1.6\" stroke-linecap=\"round\" stroke-linejoin=\"round\"\/><path d=\"M21 12c0 4.97-4.03 9-9 9s-9-4.03-9-9 4.03-9 9-9c1.5 0 2.91.37 4.14 1.02\" stroke=\"currentColor\" stroke-width=\"1.6\" stroke-linecap=\"round\"\/><path d=\"M21 4l-5 5\" stroke=\"currentColor\" stroke-width=\"1.6\" stroke-linecap=\"round\"\/><\/svg>\n        <\/div>\n        <h2>Ba\u015fvuru S\u00fcreci<\/h2>\n        <p>Ba\u015fvuru s\u00fcrecimiz basit ve \u015feffaft\u0131r. \u0130lgilendi\u011finiz pozisyon i\u00e7in online formumuzu doldurun, ekibimiz en k\u0131sa s\u00fcrede sizinle ileti\u015fime ge\u00e7sin.<\/p>\n      <\/div>\n    <\/div>\n\n    <!-- Form CTA -->\n    <div class=\"rtn-form-cta\">\n      <p class=\"rtn-form-cta-text\">Kariyerinde bir sonraki ad\u0131m\u0131 atmaya haz\u0131r m\u0131s\u0131n?<\/p>\n      <span class=\"rtn-form-cta-sub\">A\u015fa\u011f\u0131daki ba\u015fvuru formunu doldur, sana en k\u0131sa s\u00fcrede ula\u015fal\u0131m.<\/span>\n      <a href=\"#application-form\" class=\"rtn-scroll-arrow\" aria-label=\"Ba\u015fvuru formuna git\">\n        <svg viewBox=\"0 0 24 24\" fill=\"none\">\n          <path d=\"M12 5v14M5 12l7 7 7-7\" stroke=\"currentColor\" stroke-width=\"2\" stroke-linecap=\"round\" stroke-linejoin=\"round\"\/>\n        <\/svg>\n      <\/a>\n    <\/div>\n\n  <\/div>\n<\/section>\n\n<style>\n  *,*::before,*::after{box-sizing:border-box;margin:0;padding:0}\n\n  .rtn-career-hero {\n    position: relative;\n    overflow: hidden;\n    background: #0A01E6;\n    padding: 130px 24px 0;\n    font-family: 'Barlow', sans-serif;\n    font-weight: 400;\n    color: #fff;\n  }\n\n  .rtn-career-bg { position: absolute; inset: 0; pointer-events: none; }\n\n  .rtn-grid {\n    position: absolute; inset: 0;\n    background-image:\n      linear-gradient(rgba(255,255,255,.06) 1px, transparent 1px),\n      linear-gradient(90deg, rgba(255,255,255,.06) 1px, transparent 1px);\n    background-size: 60px 60px;\n    mask-image: radial-gradient(ellipse 80% 60% at 50% 30%, black 20%, transparent 100%);\n  }\n\n  .rtn-orb { position: absolute; border-radius: 50%; filter: blur(90px); }\n  .rtn-orb-1 {\n    width: 640px; height: 640px;\n    background: radial-gradient(circle, #3b2fff 0%, #0A01E6 60%, transparent 100%);\n    top: -200px; left: -140px; opacity: .7;\n    animation: rtn-drift 14s ease-in-out infinite alternate;\n  }\n  .rtn-orb-2 {\n    width: 420px; height: 420px;\n    background: radial-gradient(circle, #6d28d9 0%, #4338ca 60%, transparent 100%);\n    bottom: 200px; right: -80px; opacity: .45;\n    animation: rtn-drift 18s ease-in-out infinite alternate-reverse;\n  }\n  .rtn-orb-3 {\n    width: 320px; height: 320px;\n    background: radial-gradient(circle, #ffffff 0%, #a5b4fc 60%, transparent 100%);\n    top: 35%; right: 15%; opacity: .08;\n    animation: rtn-drift 22s ease-in-out infinite alternate;\n  }\n  .rtn-scanline {\n    position: absolute; inset: 0;\n    background: repeating-linear-gradient(0deg, transparent, transparent 3px, rgba(0,0,0,.03) 3px, rgba(0,0,0,.03) 4px);\n  }\n  @keyframes rtn-drift {\n    from { transform: translate(0,0) scale(1); }\n    to   { transform: translate(40px,30px) scale(1.08); }\n  }\n\n  .rtn-career-container {\n    position: relative;\n    max-width: 960px;\n    margin: 0 auto;\n    text-align: center;\n    width: 100%;\n  }\n\n  .rtn-hero-block { margin-bottom: 56px; }\n\n  .rtn-eyebrow {\n    display: inline-flex;\n    align-items: center;\n    gap: 10px;\n    font-family: 'Barlow', sans-serif;\n    font-size: 11px; font-weight: 400;\n    letter-spacing: .22em;\n    text-transform: uppercase;\n    color: rgba(255,255,255,.7);\n    border: 1px solid rgba(255,255,255,.2);\n    border-radius: 100px;\n    padding: 8px 18px;\n    margin-bottom: 36px;\n    backdrop-filter: blur(8px);\n    background: rgba(255,255,255,.08);\n    animation: rtn-fade-up .6s ease both;\n  }\n  .rtn-dot {\n    width: 5px; height: 5px;\n    background: rgba(255,255,255,.9); border-radius: 50%;\n    animation: rtn-pulse 2s ease-in-out infinite;\n  }\n  @keyframes rtn-pulse {\n    0%,100% { opacity:1; transform:scale(1); }\n    50%      { opacity:.3; transform:scale(.6); }\n  }\n\n  .rtn-headline {\n    font-family: 'Barlow Semi Condensed', sans-serif;\n    font-weight: 600;\n    line-height: .92;\n    letter-spacing: -.01em;\n    margin-bottom: 28px;\n    display: flex;\n    flex-direction: column;\n    align-items: center;\n    gap: 4px;\n  }\n  .rtn-line { display: block; overflow: hidden; }\n  .rtn-line-1 {\n    font-size: clamp(60px, 10vw, 110px);\n    color: rgba(255,255,255,.95);\n    animation: rtn-reveal .7s cubic-bezier(.22,1,.36,1) .15s both;\n  }\n  .rtn-line-2 {\n    font-size: clamp(60px, 10vw, 110px);\n    display: flex; align-items: center; gap: 20px;\n    animation: rtn-reveal .7s cubic-bezier(.22,1,.36,1) .3s both;\n  }\n  .rtn-line-2 em {\n    font-style: normal;\n    color: #fff;\n    text-shadow: 0 0 60px rgba(255,255,255,.4);\n    border-bottom: 4px solid rgba(255,255,255,.35);\n    padding-bottom: 4px;\n  }\n  .rtn-arrow-head {\n    width: 56px; color: rgba(255,255,255,.7); flex-shrink: 0;\n    animation: rtn-arrow-slide .9s cubic-bezier(.22,1,.36,1) .6s both;\n    opacity: 0;\n  }\n  @keyframes rtn-reveal {\n    from { transform: translateY(110%); opacity:0; }\n    to   { transform: translateY(0);    opacity:1; }\n  }\n  @keyframes rtn-arrow-slide {\n    from { transform: translateX(-20px); opacity:0; }\n    to   { transform: translateX(0);     opacity:1; }\n  }\n\n  .rtn-sub {\n    font-family: 'Barlow', sans-serif;\n    font-size: clamp(16px, 2vw, 20px);\n    font-weight: 400; line-height: 1.7;\n    color: rgba(255,255,255,.7);\n    max-width: 560px; margin: 0 auto;\n    animation: rtn-fade-up .7s ease .5s both;\n  }\n  .rtn-sub strong { color: #fff; font-weight: 500; }\n\n  .rtn-ticker {\n    border-top: 1px solid rgba(255,255,255,.15);\n    border-bottom: 1px solid rgba(255,255,255,.15);\n    padding: 16px 0;\n    overflow: hidden;\n    mask-image: linear-gradient(90deg, transparent, black 10%, black 90%, transparent);\n    margin-bottom: 72px;\n    animation: rtn-fade-up .7s ease .7s both;\n  }\n  .rtn-ticker-inner {\n    display: inline-flex; gap: 32px;\n    white-space: nowrap;\n    font-family: 'Barlow', sans-serif;\n    font-size: 12px; letter-spacing: .14em;\n    text-transform: uppercase;\n    color: rgba(255,255,255,.35);\n    animation: rtn-scroll 22s linear infinite;\n  }\n  .rtn-sep { color: rgba(255,255,255,.2); }\n  @keyframes rtn-scroll {\n    from { transform: translateX(0); }\n    to   { transform: translateX(-50%); }\n  }\n\n  .rtn-cards {\n    display: grid;\n    grid-template-columns: repeat(3, 1fr);\n    gap: 2px;\n    margin: 0 -24px;\n    animation: rtn-fade-up .8s ease .85s both;\n  }\n\n  .rtn-card {\n    position: relative;\n    padding: 48px 36px 64px;\n    text-align: left;\n    background: rgba(255,255,255,.04);\n    border-top: 1px solid rgba(255,255,255,.12);\n    transition: background .3s;\n    overflow: hidden;\n  }\n  .rtn-card::before {\n    content: '';\n    position: absolute; top: 0; left: 0; right: 0; height: 2px;\n    background: linear-gradient(90deg, transparent, rgba(255,255,255,.6), transparent);\n    opacity: 0; transition: opacity .3s;\n  }\n  .rtn-card:hover { background: rgba(255,255,255,.08); }\n  .rtn-card:hover::before { opacity: 1; }\n  .rtn-card--1::after { content: '01'; }\n  .rtn-card--2::after { content: '02'; }\n  .rtn-card--3::after { content: '03'; }\n  .rtn-card::after {\n    position: absolute; bottom: 24px; right: 30px;\n    font-family: 'Barlow Semi Condensed', sans-serif;\n    font-size: 72px; font-weight: 600;\n    color: rgba(255,255,255,.05);\n    line-height: 1; pointer-events: none; transition: color .3s;\n  }\n  .rtn-card:hover::after { color: rgba(255,255,255,.1); }\n  .rtn-card--2 {\n    border-left: 1px solid rgba(255,255,255,.1);\n    border-right: 1px solid rgba(255,255,255,.1);\n  }\n\n  .rtn-card-icon {\n    width: 44px; height: 44px;\n    background: rgba(255,255,255,.1);\n    border: 1px solid rgba(255,255,255,.2);\n    border-radius: 12px;\n    display: flex; align-items: center; justify-content: center;\n    margin-bottom: 24px; color: rgba(255,255,255,.9);\n    transition: background .3s, border-color .3s;\n  }\n  .rtn-card:hover .rtn-card-icon {\n    background: rgba(255,255,255,.18);\n    border-color: rgba(255,255,255,.4);\n  }\n  .rtn-card-icon svg { width: 20px; height: 20px; }\n\n  .rtn-card h2 {\n    font-family: 'Barlow Semi Condensed', sans-serif;\n    font-size: 20px; font-weight: 600;\n    color: #fff; margin-bottom: 14px; letter-spacing: .01em;\n  }\n  .rtn-card p {\n    font-family: 'Barlow', sans-serif;\n    font-size: 15px; font-weight: 400;\n    line-height: 1.75; color: rgba(255,255,255,.6);\n  }\n\n  .rtn-form-cta {\n    display: flex; flex-direction: column;\n    align-items: center; gap: 10px;\n    padding: 64px 24px 56px;\n    animation: rtn-fade-up .8s ease 1s both;\n  }\n  .rtn-form-cta-text {\n    font-family: 'Barlow Semi Condensed', sans-serif;\n    font-size: clamp(22px, 3vw, 30px); font-weight: 600;\n    color: #fff; letter-spacing: .01em;\n  }\n  .rtn-form-cta-sub {\n    font-family: 'Barlow', sans-serif;\n    font-size: 15px; font-weight: 400;\n    color: rgba(255,255,255,.6); margin-bottom: 8px;\n  }\n  .rtn-scroll-arrow {\n    display: flex; align-items: center; justify-content: center;\n    width: 52px; height: 52px;\n    border: 1.5px solid rgba(255,255,255,.25);\n    border-radius: 50%; color: rgba(255,255,255,.8);\n    text-decoration: none; margin-top: 8px;\n    transition: border-color .25s, background .25s, transform .25s;\n    animation: rtn-bounce 2.4s ease-in-out infinite;\n  }\n  .rtn-scroll-arrow svg { width: 22px; height: 22px; }\n  .rtn-scroll-arrow:hover {\n    background: rgba(255,255,255,.12);\n    border-color: rgba(255,255,255,.6);\n    animation: none; transform: translateY(4px);\n  }\n  @keyframes rtn-bounce {\n    0%,100% { transform: translateY(0); }\n    50%      { transform: translateY(8px); }\n  }\n  @keyframes rtn-fade-up {\n    from { opacity:0; transform:translateY(20px); }\n    to   { opacity:1; transform:translateY(0); }\n  }\n\n  @media (max-width: 900px) {\n    .rtn-cards { grid-template-columns: 1fr; margin: 0 -24px; }\n    .rtn-card--2 { border-left: none; border-right: none; border-top: 1px solid rgba(255,255,255,.12); }\n  }\n  @media (max-width: 640px) {\n    .rtn-career-hero { padding: 100px 20px 0; }\n    .rtn-line-2 { flex-direction: column; gap: 0; align-items: center; }\n    .rtn-arrow-head { display: none; }\n    .rtn-card { padding: 36px 24px 52px; }\n  }\n<\/style>\t\t\t\t<\/div>\n\t\t\t\t\t<\/div>\n\t\t\t\t<\/div>\n\t\t<div class=\"elementor-element elementor-element-8776fcb e-flex e-con-boxed e-con e-parent\" data-id=\"8776fcb\" data-element_type=\"container\" data-settings=\"{&quot;background_background&quot;:&quot;classic&quot;}\">\n\t\t\t\t\t<div class=\"e-con-inner\">\n\t\t<div class=\"elementor-element elementor-element-1c5afd9 e-con-full e-flex e-con e-child\" data-id=\"1c5afd9\" data-element_type=\"container\">\n\t\t\t\t<div class=\"elementor-element elementor-element-a0ef79a elementor-widget elementor-widget-shortcode\" data-id=\"a0ef79a\" data-element_type=\"widget\" data-widget_type=\"shortcode.default\">\n\t\t\t\t\t\t\t<div class=\"elementor-shortcode\">\t\t<div data-elementor-type=\"container\" data-elementor-id=\"9397\" class=\"elementor elementor-9397 elementor-9348\" data-elementor-post-type=\"elementor_library\">\n\t\t\t\t<div class=\"elementor-element elementor-element-4288a39 e-flex e-con-boxed e-con e-parent\" data-id=\"4288a39\" data-element_type=\"container\" data-settings=\"{&quot;background_background&quot;:&quot;classic&quot;}\">\n\t\t\t\t\t<div class=\"e-con-inner\">\n\t\t\t\t<div class=\"elementor-element elementor-element-e3cb7ca elementor-widget elementor-widget-pix-heading\" data-id=\"e3cb7ca\" data-element_type=\"widget\" data-widget_type=\"pix-heading.default\">\n\t\t\t\t<div class=\"elementor-widget-container\">\n\t\t\t\t\t<div  class=\"pix-heading-el text-center \"><h3 class=\"text-white font-weight-bold h3 heading-text el-title_custom_color mb-12\" style=\"\" data-anim-type=\"\" data-anim-delay=\"\">Ba\u015fvuru Formu<\/h3><\/div>\t\t\t\t<\/div>\n\t\t\t\t<\/div>\n\t\t\t\t<div class=\"elementor-element elementor-element-8e97ede elementor-button-align-stretch elementor-widget elementor-widget-form\" data-id=\"8e97ede\" data-element_type=\"widget\" data-settings=\"{&quot;step_next_label&quot;:&quot;Sonraki&quot;,&quot;step_previous_label&quot;:&quot;\\u00d6nceki&quot;,&quot;button_width&quot;:&quot;100&quot;,&quot;step_type&quot;:&quot;number_text&quot;,&quot;step_icon_shape&quot;:&quot;circle&quot;}\" data-widget_type=\"form.default\">\n\t\t\t\t\t\t\t<form class=\"elementor-form\" method=\"post\" name=\"Yeni Form\" aria-label=\"Yeni Form\">\n\t\t\t<input type=\"hidden\" name=\"post_id\" value=\"9397\"\/>\n\t\t\t<input type=\"hidden\" name=\"form_id\" value=\"8e97ede\"\/>\n\t\t\t<input type=\"hidden\" name=\"referer_title\" value=\"Kariyer - RTN House\" \/>\n\n\t\t\t\t\t\t\t<input type=\"hidden\" name=\"queried_id\" value=\"9400\"\/>\n\t\t\t\n\t\t\t<div class=\"elementor-form-fields-wrapper elementor-labels-above\">\n\t\t\t\t\t\t\t\t<div class=\"elementor-field-type-text elementor-field-group elementor-column elementor-field-group-name elementor-col-100 elementor-field-required\">\n\t\t\t\t\t\t\t\t\t\t\t\t<label for=\"form-field-name\" class=\"elementor-field-label\">\n\t\t\t\t\t\t\t\tAd\u0131n\u0131z\t\t\t\t\t\t\t<\/label>\n\t\t\t\t\t\t\t\t\t\t\t\t\t\t<input size=\"1\" type=\"text\" name=\"form_fields[name]\" id=\"form-field-name\" class=\"elementor-field elementor-size-sm  elementor-field-textual\" placeholder=\"Ad\" required=\"required\">\n\t\t\t\t\t\t\t\t\t\t\t<\/div>\n\t\t\t\t\t\t\t\t<div class=\"elementor-field-type-tel elementor-field-group elementor-column elementor-field-group-field_cbe239d elementor-col-100 elementor-field-required\">\n\t\t\t\t\t\t\t\t\t\t\t\t<label for=\"form-field-field_cbe239d\" class=\"elementor-field-label\">\n\t\t\t\t\t\t\t\tTelefon Numaran\u0131z \t\t\t\t\t\t\t<\/label>\n\t\t\t\t\t\t<span class=\"ccfef-editor-intl-input\" data-id=\"form-field-field_cbe239d\" data-field-id=\"cbe239d\" data-default-country=\"Tr\" data-include-countries=\"\" data-exclude-countries=\"\" data-dial-code-visibility=\"show\" data-strict-mode=\"no\" style=\"display: none;\"><\/span>\t\t<input size=\"1\" type=\"tel\" name=\"form_fields[field_cbe239d]\" id=\"form-field-field_cbe239d\" class=\"elementor-field elementor-size-sm  elementor-field-textual\" required=\"required\" pattern=\"[0-9()#&amp;+*-=.]+\" title=\"Only numbers and phone characters (#, -, *, etc) are accepted.\">\n\n\t\t\t\t\t\t<\/div>\n\t\t\t\t\t\t\t\t<div class=\"elementor-field-type-email elementor-field-group elementor-column elementor-field-group-email elementor-col-100 elementor-field-required\">\n\t\t\t\t\t\t\t\t\t\t\t\t<label for=\"form-field-email\" class=\"elementor-field-label\">\n\t\t\t\t\t\t\t\tE-posta Adresiniz\t\t\t\t\t\t\t<\/label>\n\t\t\t\t\t\t\t\t\t\t\t\t\t\t<input size=\"1\" type=\"email\" name=\"form_fields[email]\" id=\"form-field-email\" class=\"elementor-field elementor-size-sm  elementor-field-textual\" placeholder=\"E-posta\" required=\"required\">\n\t\t\t\t\t\t\t\t\t\t\t<\/div>\n\t\t\t\t\t\t\t\t<div class=\"elementor-field-type-select elementor-field-group elementor-column elementor-field-group-message elementor-col-100 elementor-field-required\">\n\t\t\t\t\t\t\t\t\t\t\t\t<label for=\"form-field-message\" class=\"elementor-field-label\">\n\t\t\t\t\t\t\t\t\u0130lgilenilen Pozisyon\t\t\t\t\t\t\t<\/label>\n\t\t\t\t\t\t\t\t<div class=\"elementor-field elementor-select-wrapper remove-before \">\n\t\t\t<div class=\"select-caret-down-wrapper\">\n\t\t\t\t<svg aria-hidden=\"true\" class=\"e-font-icon-svg e-eicon-caret-down\" viewBox=\"0 0 571.4 571.4\" xmlns=\"http:\/\/www.w3.org\/2000\/svg\"><path d=\"M571 393Q571 407 561 418L311 668Q300 679 286 679T261 668L11 418Q0 407 0 393T11 368 36 357H536Q550 357 561 368T571 393Z\"><\/path><\/svg>\t\t\t<\/div>\n\t\t\t<select name=\"form_fields[message]\" id=\"form-field-message\" class=\"elementor-field-textual elementor-size-sm\" required=\"required\">\n\t\t\t\t\t\t\t\t\t<option value=\"Google Ads Uzman\u0131\">Google Ads Uzman\u0131<\/option>\n\t\t\t\t\t\t\t\t\t<option value=\"Meta Ads Uzman\u0131\">Meta Ads Uzman\u0131<\/option>\n\t\t\t\t\t\t\t\t\t<option value=\"Sosyal Medya Y\u00f6neticisi\">Sosyal Medya Y\u00f6neticisi<\/option>\n\t\t\t\t\t\t\t\t\t<option value=\"Grafik Tasar\u0131mc\u0131\">Grafik Tasar\u0131mc\u0131<\/option>\n\t\t\t\t\t\t\t\t\t<option value=\"Video Edit\u00f6r\u00fc\">Video Edit\u00f6r\u00fc<\/option>\n\t\t\t\t\t\t\t\t\t<option value=\"Web Geli\u015ftiricisi\">Web Geli\u015ftiricisi<\/option>\n\t\t\t\t\t\t\t\t\t<option value=\"\u0130\u00e7erik Yazar\u0131\">\u0130\u00e7erik Yazar\u0131<\/option>\n\t\t\t\t\t\t\t\t\t<option value=\"Dijital Pazarlama Stajyeri\">Dijital Pazarlama Stajyeri<\/option>\n\t\t\t\t\t\t\t\t\t<option value=\"SEO Uzman\u0131\">SEO Uzman\u0131<\/option>\n\t\t\t\t\t\t\t\t\t<option value=\"Di\u011fer\">Di\u011fer<\/option>\n\t\t\t\t\t\t\t<\/select>\n\t\t<\/div>\n\t\t\t\t\t\t<\/div>\n\t\t\t\t\t\t\t\t<div class=\"elementor-field-type-text elementor-field-group elementor-column elementor-field-group-field_da005f7 elementor-col-100 elementor-field-required\">\n\t\t\t\t\t\t\t\t\t\t\t\t<label for=\"form-field-field_da005f7\" class=\"elementor-field-label\">\n\t\t\t\t\t\t\t\tBehance\/LinkedIn Profiliniz\t\t\t\t\t\t\t<\/label>\n\t\t\t\t\t\t\t\t\t\t\t\t\t\t<input size=\"1\" type=\"text\" name=\"form_fields[field_da005f7]\" id=\"form-field-field_da005f7\" class=\"elementor-field elementor-size-sm  elementor-field-textual\" required=\"required\">\n\t\t\t\t\t\t\t\t\t\t\t<\/div>\n\t\t\t\t\t\t\t\t<div class=\"elementor-field-type-textarea elementor-field-group elementor-column elementor-field-group-field_39d3985 elementor-col-100 elementor-field-required\">\n\t\t\t\t\t\t\t\t\t\t\t\t<label for=\"form-field-field_39d3985\" class=\"elementor-field-label\">\n\t\t\t\t\t\t\t\tK\u0131sa \u00d6zge\u00e7mi\u015f\t\t\t\t\t\t\t<\/label>\n\t\t\t\t\t\t<textarea class=\"elementor-field-textual elementor-field  elementor-size-sm\" name=\"form_fields[field_39d3985]\" id=\"form-field-field_39d3985\" rows=\"4\" required=\"required\"><\/textarea>\t\t\t\t<\/div>\n\t\t\t\t\t\t\t\t<div class=\"elementor-field-type-upload elementor-field-group elementor-column elementor-field-group-field_aabd449 elementor-col-100 elementor-field-required\">\n\t\t\t\t\t\t\t\t\t\t\t\t<label for=\"form-field-field_aabd449\" class=\"elementor-field-label\">\n\t\t\t\t\t\t\t\tL\u00fctfen CV'nizi ve Portfolyonuzu ekleyiniz (L\u00fctfen dosyalar\u0131 PDF, DOC veya DOCX format\u0131nda ekleyiniz.) Maks. 16MB \t\t\t\t\t\t\t<\/label>\n\t\t\t\t\t\t\t\t<input type=\"file\" name=\"form_fields[field_aabd449]\" id=\"form-field-field_aabd449\" class=\"elementor-field elementor-size-sm  elementor-upload-field\" required=\"required\">\n\n\t\t\t\t\t\t<\/div>\n\t\t\t\t\t\t\t\t<div class=\"elementor-field-group elementor-column elementor-field-type-submit elementor-col-100 e-form__buttons\">\n\t\t\t\t\t<button class=\"elementor-button elementor-size-sm\" type=\"submit\">\n\t\t\t\t\t\t<span class=\"elementor-button-content-wrapper\">\n\t\t\t\t\t\t\t\t\t\t\t\t\t\t\t\t\t\t\t\t\t\t<span class=\"elementor-button-text\">G\u00f6nder<\/span>\n\t\t\t\t\t\t\t\t\t\t\t\t\t<\/span>\n\t\t\t\t\t<\/button>\n\t\t\t\t<\/div>\n\t\t\t<\/div>\n\t\t<\/form>\n\t\t\t\t\t\t<\/div>\n\t\t\t\t\t<\/div>\n\t\t\t\t<\/div>\n\t\t\t\t<\/div>\n\t\t<\/div>\n\t\t\t\t\t\t<\/div>\n\t\t\t\t<\/div>\n\t\t\t\t\t<\/div>\n\t\t\t\t<\/div>\n\t\t\t\t<\/div>\n\t\t","protected":false},"excerpt":{"rendered":"<p>Kariyer Ekibimize Kat\u0131l Bizimle b\u00fcy\u00fcmek isteyen yetenekli pazarlamac\u0131lar, tasar\u0131mc\u0131lar ve geli\u015ftiriciler ar\u0131yoruz. Pazarlamac\u0131lar\u25c6 Tasar\u0131mc\u0131lar\u25c6 Geli\u015ftiriciler\u25c6 Stratejistler\u25c6 Yarat\u0131c\u0131lar\u25c6 Pazarlamac\u0131lar\u25c6 Tasar\u0131mc\u0131lar\u25c6 Geli\u015ftiriciler\u25c6 Stratejistler\u25c6 Yarat\u0131c\u0131lar\u25c6 Biz Kimiz? RTN House, performans odakl\u0131 pazarlama \u00e7\u00f6z\u00fcmleri sunan lider bir ajans. Veri odakl\u0131 stratejilerimiz ve yenilik\u00e7i yakla\u015f\u0131mlar\u0131m\u0131zla&#8230;<\/p>\n","protected":false},"author":1,"featured_media":0,"parent":0,"menu_order":0,"comment_status":"closed","ping_status":"closed","template":"","meta":{"footnotes":""},"class_list":["post-9400","page","type-page","status-publish","hentry"],"_hostinger_reach_plugin_has_subscription_block":false,"_hostinger_reach_plugin_is_elementor":false,"_links":{"self":[{"href":"https:\/\/rtnhouse.com\/tr\/wp-json\/wp\/v2\/pages\/9400","targetHints":{"allow":["GET"]}}],"collection":[{"href":"https:\/\/rtnhouse.com\/tr\/wp-json\/wp\/v2\/pages"}],"about":[{"href":"https:\/\/rtnhouse.com\/tr\/wp-json\/wp\/v2\/types\/page"}],"author":[{"embeddable":true,"href":"https:\/\/rtnhouse.com\/tr\/wp-json\/wp\/v2\/users\/1"}],"replies":[{"embeddable":true,"href":"https:\/\/rtnhouse.com\/tr\/wp-json\/wp\/v2\/comments?post=9400"}],"version-history":[{"count":38,"href":"https:\/\/rtnhouse.com\/tr\/wp-json\/wp\/v2\/pages\/9400\/revisions"}],"predecessor-version":[{"id":9559,"href":"https:\/\/rtnhouse.com\/tr\/wp-json\/wp\/v2\/pages\/9400\/revisions\/9559"}],"wp:attachment":[{"href":"https:\/\/rtnhouse.com\/tr\/wp-json\/wp\/v2\/media?parent=9400"}],"curies":[{"name":"wp","href":"https:\/\/api.w.org\/{rel}","templated":true}]}}