{"id":8446,"date":"2025-10-30T12:25:08","date_gmt":"2025-10-30T12:25:08","guid":{"rendered":"https:\/\/rtnhouse.com\/vaka-calismalari\/yoyo-junior-blogu-6-ayda-46-bin-goruntulenmeden-700-bin-goruntulenmeye-nasil-ulasti\/"},"modified":"2025-11-03T11:16:12","modified_gmt":"2025-11-03T11:16:12","slug":"yoyo-junior-blogu-6-ayda-46-bin-goruntulenmeden-700-bin-goruntulenmeye-nasil-ulasti","status":"publish","type":"page","link":"https:\/\/rtnhouse.com\/tr\/vaka-calismalari\/yoyo-junior-blogu-6-ayda-46-bin-goruntulenmeden-700-bin-goruntulenmeye-nasil-ulasti\/","title":{"rendered":"yoyo Junior blogu 6 ayda 46 bin g\u00f6r\u00fcnt\u00fclenmeden 700 bin g\u00f6r\u00fcnt\u00fclenmeye nas\u0131l ula\u015ft\u0131?"},"content":{"rendered":"\t\t<div data-elementor-type=\"wp-page\" data-elementor-id=\"8446\" class=\"elementor elementor-8446 elementor-7936\" data-elementor-post-type=\"page\">\n\t\t\t\t<div class=\"elementor-element elementor-element-baf1d18 e-flex e-con-boxed e-con e-parent\" data-id=\"baf1d18\" data-element_type=\"container\" data-settings=\"{&quot;background_background&quot;:&quot;classic&quot;}\">\n\t\t\t\t\t<div class=\"e-con-inner\">\n\t\t\t\t<div class=\"elementor-element elementor-element-e1e7f7f elementor-widget elementor-widget-shortcode\" data-id=\"e1e7f7f\" data-element_type=\"widget\" data-widget_type=\"shortcode.default\">\n\t\t\t\t\t\t\t<div class=\"elementor-shortcode\"><nav aria-label=\"breadcrumbs\" class=\"rank-math-breadcrumb\"><p><span class=\"last\">Home<\/span><\/p><\/nav><\/div>\n\t\t\t\t\t\t<\/div>\n\t\t\t\t\t<\/div>\n\t\t\t\t<\/div>\n\t\t<div class=\"elementor-element elementor-element-13d0741 e-flex e-con-boxed e-con e-parent\" data-id=\"13d0741\" data-element_type=\"container\">\n\t\t\t\t\t<div class=\"e-con-inner\">\n\t\t\t\t<div class=\"elementor-element elementor-element-ee6e6b9 elementor-widget elementor-widget-pix-text\" data-id=\"ee6e6b9\" data-element_type=\"widget\" data-widget_type=\"pix-text.default\">\n\t\t\t\t<div class=\"elementor-widget-container\">\n\t\t\t\t\t<div class=\"pix-el-text w-100 text-left \" ><p class=\"resp-option text-left \"><p><strong>Marka<\/strong>: yoyo Junior<\/p><p><strong>Ba\u015far\u0131 Hikayesi Konusu<\/strong>: Blog stratejisinde bo\u015fluklar olan Yoyo Junior i\u00e7in detayl\u0131 bir hedef kitle analizi yap\u0131ld\u0131. Kullan\u0131c\u0131lar\u0131n en \u00e7ok merak etti\u011fi konular derlendi ve bu konulara \u00f6zel blog i\u00e7erikleri haz\u0131rland\u0131. Hedef kitle analizinin yan\u0131 s\u0131ra, etkili ve detayl\u0131 bir i\u00e7erik plan\u0131 olu\u015fturmak i\u00e7in rakip analizi ve anahtar kelime ara\u015ft\u0131rmas\u0131 yap\u0131ld\u0131.  <\/p><p><strong>Proje tarihleri:<\/strong> 1 Ocak 2023 \u2013 1 Haziran 2023<\/p><\/p><\/div>\t\t\t\t<\/div>\n\t\t\t\t<\/div>\n\t\t\t\t\t<\/div>\n\t\t\t\t<\/div>\n\t\t<div class=\"elementor-element elementor-element-566e478 e-flex e-con-boxed e-con e-parent\" data-id=\"566e478\" data-element_type=\"container\">\n\t\t\t\t\t<div class=\"e-con-inner\">\n\t\t<div class=\"elementor-element elementor-element-adbfe5a e-con-full e-flex e-con e-child\" data-id=\"adbfe5a\" data-element_type=\"container\">\n\t\t\t\t<div class=\"elementor-element elementor-element-16d28d9 elementor-widget elementor-widget-pix-img\" data-id=\"16d28d9\" data-element_type=\"widget\" data-widget_type=\"pix-img.default\">\n\t\t\t\t<div class=\"elementor-widget-container\">\n\t\t\t\t\t<div id=\"el-16d28d9\" class=\"pix-img-element d-inline-block \" ><div class=\"pix-img-el     text-left d-inline-block  w-100 rounded-lg\"  ><img fetchpriority=\"high\" decoding=\"async\" width=\"586\" height=\"496\" src=\"https:\/\/rtnhouse.com\/wp-content\/uploads\/2025\/10\/yoyo-junior-blog-organik-trafik-artisi.webp\" class=\"pix-img-elem rounded-lg\" alt=\"Image link\" srcset=\"https:\/\/rtnhouse.com\/wp-content\/uploads\/2025\/10\/yoyo-junior-blog-organik-trafik-artisi.webp 586w, https:\/\/rtnhouse.com\/wp-content\/uploads\/2025\/10\/yoyo-junior-blog-organik-trafik-artisi-300x254.webp 300w\" sizes=\"(max-width: 586px) 100vw, 586px\" \/><\/div><\/div>\t\t\t\t<\/div>\n\t\t\t\t<\/div>\n\t\t\t\t<div class=\"elementor-element elementor-element-5fb1bc1 elementor-widget elementor-widget-pix-img\" data-id=\"5fb1bc1\" data-element_type=\"widget\" data-widget_type=\"pix-img.default\">\n\t\t\t\t<div class=\"elementor-widget-container\">\n\t\t\t\t\t<div id=\"el-5fb1bc1\" class=\"pix-img-element d-inline-block \" ><div class=\"pix-img-el     text-left d-inline-block  w-100 rounded-lg\"  ><img decoding=\"async\" width=\"605\" height=\"311\" src=\"https:\/\/rtnhouse.com\/wp-content\/uploads\/2025\/10\/yoyo-junior-organik-trafik-artisi.webp\" class=\"pix-img-elem rounded-lg\" alt=\"Image link\" srcset=\"https:\/\/rtnhouse.com\/wp-content\/uploads\/2025\/10\/yoyo-junior-organik-trafik-artisi.webp 605w, https:\/\/rtnhouse.com\/wp-content\/uploads\/2025\/10\/yoyo-junior-organik-trafik-artisi-300x154.webp 300w\" sizes=\"(max-width: 605px) 100vw, 605px\" \/><\/div><\/div>\t\t\t\t<\/div>\n\t\t\t\t<\/div>\n\t\t\t\t<\/div>\n\t\t<div class=\"elementor-element elementor-element-c7f91ff e-con-full e-flex e-con e-child\" data-id=\"c7f91ff\" data-element_type=\"container\">\n\t\t\t\t<div class=\"elementor-element elementor-element-cc02f6d elementor-widget elementor-widget-pix-text\" data-id=\"cc02f6d\" data-element_type=\"widget\" data-widget_type=\"pix-text.default\">\n\t\t\t\t<div class=\"elementor-widget-container\">\n\t\t\t\t\t<div class=\"pix-el-text w-100 text-left \" ><p class=\"resp-option text-left \"><p><strong>Proje \u00d6zeti<\/strong>: Google, 15 Aral\u0131k 2022&#8217;de kalite de\u011ferlendirme y\u00f6nergelerine ba\u015fka bir metrik ekleyerek, y\u00f6nergelerini Uzmanl\u0131k, Yetkinlik ve G\u00fcvenilirlik (E.A.T) &#8216;den E.E.A.T&#8217;e g\u00fcncelledi. Kalite de\u011ferlendirme y\u00f6nergelerine Deneyim&#8217;i ekleyerek, i\u00e7erikle ilgili ki\u015fisel deneyimleri de dikkate alaca\u011f\u0131n\u0131 duyurdu. Bu noktada, geli\u015fmi\u015f kullan\u0131c\u0131 deneyimi, daha iyi s\u0131ralama, daha y\u00fcksek d\u00f6n\u00fc\u015f\u00fcm oranlar\u0131 ve uzun vadeli b\u00fcy\u00fcme i\u00e7in i\u00e7erik stratejisi olu\u015ftururken Google&#8217;\u0131n E.E.A.T y\u00f6nergeleri g\u00f6z \u00f6n\u00fcnde bulunduruldu. Ayr\u0131ca, hedef kitleye ve kullan\u0131c\u0131 deneyimine uygun i\u00e7erik haz\u0131rlarken, uzun kuyruklu anahtar kelimelere daha fazla \u00f6nem verildi. Bu, kullan\u0131c\u0131lar aras\u0131nda rekabeti daha d\u00fc\u015f\u00fck ancak arama potansiyeli daha y\u00fcksek olan anahtar kelimelerin belirlenmesini sa\u011flayarak i\u00e7eri\u011fin trafik olu\u015fturma potansiyelini art\u0131rd\u0131. Ayr\u0131ca, uzun kuyruklu anahtar kelimeler, 2023 i\u00e7erik trendlerinde \u00f6ne \u00e7\u0131kan sesli aramalar\u0131 da ele alarak i\u00e7erik stratejisini g\u00fc\u00e7lendirdi. T\u00fcm i\u00e7eriklerin yaz\u0131m ve d\u00fczenleme a\u015famalar\u0131n\u0131 y\u00f6nettik ve ba\u015fl\u0131k, meta a\u00e7\u0131klama ve i\u00e7 ba\u011flant\u0131 alanlar\u0131nda gerekli optimizasyonlar\u0131 yaparak i\u00e7eri\u011fimizi SEO a\u00e7\u0131s\u0131ndan zenginle\u015ftirdik. <strong>Ebeveynlerin merak etti\u011fi ve sorular\u0131na cevap veren<\/strong> <strong>&#8220;bebeklerde terleyen ayaklar&#8221;<\/strong> ve &#8220;<strong>bebeklerde y\u00fcr\u00fcme korkusunu a\u015fma<\/strong>&#8221; gibi trend i\u00e7eriklerle Google&#8217;da birinci s\u0131rada yer almay\u0131 ba\u015fard\u0131k.      <\/p><\/p><\/div>\t\t\t\t<\/div>\n\t\t\t\t<\/div>\n\t\t\t\t<\/div>\n\t\t\t\t\t<\/div>\n\t\t\t\t<\/div>\n\t\t<div class=\"elementor-element elementor-element-81494ee e-flex e-con-boxed e-con e-parent\" data-id=\"81494ee\" data-element_type=\"container\">\n\t\t\t\t\t<div class=\"e-con-inner\">\n\t\t<div class=\"elementor-element elementor-element-faadf37 e-con-full e-flex e-con e-child\" data-id=\"faadf37\" data-element_type=\"container\">\n\t\t\t\t<div class=\"elementor-element elementor-element-6036737 elementor-widget elementor-widget-pix-text\" data-id=\"6036737\" data-element_type=\"widget\" data-widget_type=\"pix-text.default\">\n\t\t\t\t<div class=\"elementor-widget-container\">\n\t\t\t\t\t<div class=\"pix-el-text w-100 text-left \" ><p class=\"resp-option text-left \"><h2><strong>Toplam organik trafik art\u0131\u015f\u0131<\/strong><\/h2><p>Google&#8217;\u0131n kalite y\u00f6nergelerine ve markan\u0131n hedef kitlesine uygun bir i\u00e7erik stratejisi ile 6 ay i\u00e7inde toplam g\u00f6sterimlerde %900 art\u0131\u015f ve <strong>toplam t\u0131klamalarda %400 art\u0131\u015f elde ettik.<\/strong><\/p><\/p><\/div>\t\t\t\t<\/div>\n\t\t\t\t<\/div>\n\t\t\t\t<\/div>\n\t\t<div class=\"elementor-element elementor-element-1ffb0ca e-con-full e-flex e-con e-child\" data-id=\"1ffb0ca\" data-element_type=\"container\">\n\t\t\t\t<div class=\"elementor-element elementor-element-7d5c71e elementor-widget elementor-widget-pix-img\" data-id=\"7d5c71e\" data-element_type=\"widget\" data-widget_type=\"pix-img.default\">\n\t\t\t\t<div class=\"elementor-widget-container\">\n\t\t\t\t\t<div id=\"el-7d5c71e\" class=\"pix-img-element d-inline-block \" ><div class=\"pix-img-el     text-left d-inline-block  w-100 rounded-lg\"  ><img decoding=\"async\" width=\"1349\" height=\"332\" src=\"https:\/\/rtnhouse.com\/wp-content\/uploads\/2025\/10\/blogla-organik-trafik-artisi.webp\" class=\"pix-img-elem rounded-lg\" alt=\"Image link\" srcset=\"https:\/\/rtnhouse.com\/wp-content\/uploads\/2025\/10\/blogla-organik-trafik-artisi.webp 1349w, https:\/\/rtnhouse.com\/wp-content\/uploads\/2025\/10\/blogla-organik-trafik-artisi-300x74.webp 300w, https:\/\/rtnhouse.com\/wp-content\/uploads\/2025\/10\/blogla-organik-trafik-artisi-1024x252.webp 1024w, https:\/\/rtnhouse.com\/wp-content\/uploads\/2025\/10\/blogla-organik-trafik-artisi-768x189.webp 768w\" sizes=\"(max-width: 1349px) 100vw, 1349px\" \/><\/div><\/div>\t\t\t\t<\/div>\n\t\t\t\t<\/div>\n\t\t\t\t<\/div>\n\t\t\t\t\t<\/div>\n\t\t\t\t<\/div>\n\t\t<div class=\"elementor-element elementor-element-4fcbd09 e-flex e-con-boxed e-con e-parent\" data-id=\"4fcbd09\" data-element_type=\"container\">\n\t\t\t\t\t<div class=\"e-con-inner\">\n\t\t\t\t<div class=\"elementor-element elementor-element-f9b4743 elementor-widget elementor-widget-pix-text\" data-id=\"f9b4743\" data-element_type=\"widget\" data-widget_type=\"pix-text.default\">\n\t\t\t\t<div class=\"elementor-widget-container\">\n\t\t\t\t\t<div class=\"pix-el-text w-100 text-left \" ><p class=\"resp-option text-left \"><h3><strong>Alt\u0131 ayl\u0131k d\u00f6nemde blog sayfalar\u0131ndaki trafik art\u0131\u015f\u0131<\/strong><\/h3><p><img loading=\"lazy\" decoding=\"async\" class=\"alignnone wp-image-7972 size-full\" src=\"https:\/\/rtnhouse.com\/wp-content\/uploads\/2025\/10\/yoy-junior-basari-hikayesi.webp\" alt=\"\" width=\"1341\" height=\"522\" srcset=\"https:\/\/rtnhouse.com\/wp-content\/uploads\/2025\/10\/yoy-junior-basari-hikayesi.webp 1341w, https:\/\/rtnhouse.com\/wp-content\/uploads\/2025\/10\/yoy-junior-basari-hikayesi-300x117.webp 300w, https:\/\/rtnhouse.com\/wp-content\/uploads\/2025\/10\/yoy-junior-basari-hikayesi-1024x399.webp 1024w, https:\/\/rtnhouse.com\/wp-content\/uploads\/2025\/10\/yoy-junior-basari-hikayesi-768x299.webp 768w\" sizes=\"(max-width: 1341px) 100vw, 1341px\" \/><\/p><p><\/p><p>Yoyo Junior&#8217;\u0131n blog sayfalar\u0131nda 2023 i\u00e7erik trendlerine uygun olarak y\u00fcr\u00fctt\u00fc\u011f\u00fcm\u00fcz i\u00e7erik \u00e7al\u0131\u015fmalar\u0131 sayesinde, blog b\u00f6l\u00fcm\u00fcnde toplam t\u0131klama oran\u0131nda +<strong>%771 art\u0131\u015f elde ettik.<\/strong><\/p><p> <\/p><p>\u2013\u0130ncelenen alt\u0131 ayl\u0131k d\u00f6nem, \u00f6nceki alt\u0131 ayla kar\u015f\u0131la\u015ft\u0131r\u0131ld\u0131\u011f\u0131nda, <strong>toplam g\u00f6sterim oran\u0131nda<\/strong> <strong>+%1221<\/strong> b\u00fcy\u00fcme elde ettik.<\/p><p><img loading=\"lazy\" decoding=\"async\" class=\"alignnone wp-image-7979 size-full\" src=\"https:\/\/rtnhouse.com\/wp-content\/uploads\/2025\/10\/yoy-junior-basari-hikayesi-1.webp\" alt=\"\" width=\"1341\" height=\"522\" srcset=\"https:\/\/rtnhouse.com\/wp-content\/uploads\/2025\/10\/yoy-junior-basari-hikayesi-1.webp 1341w, https:\/\/rtnhouse.com\/wp-content\/uploads\/2025\/10\/yoy-junior-basari-hikayesi-1-300x117.webp 300w, https:\/\/rtnhouse.com\/wp-content\/uploads\/2025\/10\/yoy-junior-basari-hikayesi-1-1024x399.webp 1024w, https:\/\/rtnhouse.com\/wp-content\/uploads\/2025\/10\/yoy-junior-basari-hikayesi-1-768x299.webp 768w\" sizes=\"(max-width: 1341px) 100vw, 1341px\" \/><\/p><p><img loading=\"lazy\" decoding=\"async\" class=\"alignnone wp-image-7986 size-full\" src=\"https:\/\/rtnhouse.com\/wp-content\/uploads\/2025\/10\/seo-calismasi-organik-trafik-artisi-case-study.webp\" alt=\"\" width=\"1358\" height=\"597\" srcset=\"https:\/\/rtnhouse.com\/wp-content\/uploads\/2025\/10\/seo-calismasi-organik-trafik-artisi-case-study.webp 1358w, https:\/\/rtnhouse.com\/wp-content\/uploads\/2025\/10\/seo-calismasi-organik-trafik-artisi-case-study-300x132.webp 300w, https:\/\/rtnhouse.com\/wp-content\/uploads\/2025\/10\/seo-calismasi-organik-trafik-artisi-case-study-1024x450.webp 1024w, https:\/\/rtnhouse.com\/wp-content\/uploads\/2025\/10\/seo-calismasi-organik-trafik-artisi-case-study-768x338.webp 768w\" sizes=\"(max-width: 1358px) 100vw, 1358px\" \/><\/p><p>\u0130ncelenen alt\u0131 ayl\u0131k d\u00f6nem \u00f6nceki alt\u0131 ayla kar\u015f\u0131la\u015ft\u0131r\u0131ld\u0131\u011f\u0131nda, blog sayfalar\u0131nda g\u00f6sterimler ve t\u0131klamalar a\u00e7\u0131s\u0131ndan \u00f6nemli bir b\u00fcy\u00fcme g\u00f6zlemlendi.<\/p><h4><strong>2023 i\u00e7erik trendlerine uygun haz\u0131rlanan blog i\u00e7erikleri<\/strong><\/h4><p><img loading=\"lazy\" decoding=\"async\" class=\"alignnone wp-image-8005 size-full\" src=\"https:\/\/rtnhouse.com\/wp-content\/uploads\/2025\/10\/yoyo-junior-basari-hikayesi.webp\" alt=\"\" width=\"1354\" height=\"545\" srcset=\"https:\/\/rtnhouse.com\/wp-content\/uploads\/2025\/10\/yoyo-junior-basari-hikayesi.webp 1354w, https:\/\/rtnhouse.com\/wp-content\/uploads\/2025\/10\/yoyo-junior-basari-hikayesi-300x121.webp 300w, https:\/\/rtnhouse.com\/wp-content\/uploads\/2025\/10\/yoyo-junior-basari-hikayesi-1024x412.webp 1024w, https:\/\/rtnhouse.com\/wp-content\/uploads\/2025\/10\/yoyo-junior-basari-hikayesi-768x309.webp 768w\" sizes=\"(max-width: 1354px) 100vw, 1354px\" \/><\/p><p><\/p><h3 class=\"wp-block-heading\"><strong>Ba\u015fl\u0131k ve Meta a\u00e7\u0131klama optimizasyonu<\/strong><\/h3><p> <\/p><p>\u0130\u00e7erik yazma s\u00fcrecinden sonra, web sitesine y\u00fckleme a\u015famalar\u0131nda, hedefledi\u011fimiz ilgili anahtar kelimelerin ba\u015fl\u0131k ve meta a\u00e7\u0131klama b\u00f6l\u00fcmlerinde yer almas\u0131na ve bu alanlar\u0131n kullan\u0131c\u0131n\u0131n arama amac\u0131na uygun bir \u015fekilde yaz\u0131lmas\u0131na \u00f6zen g\u00f6sterildi. Ayr\u0131ca, &#8220;2023 bebek isimleri&#8221; gibi y\u0131l ve mevsime g\u00f6re haz\u0131rlanan i\u00e7eriklerde 2023 sorgusunun yer almas\u0131na dikkat edildi. <\/p><p><\/p><h3 class=\"wp-block-heading\"><strong>\u0130\u00e7 ba\u011flant\u0131 ve \u00e7apa metni optimizasyonu <\/strong><\/h3><p> <\/p><p>Bloglarda ilgi \u00e7eken bir di\u011fer konu i\u00e7 ba\u011flant\u0131 stratejisiydi. \u0130\u00e7 ba\u011flant\u0131 yap\u0131s\u0131 ve \u00e7apa metni sayesinde i\u00e7 sayfa trafi\u011fi art\u0131r\u0131ld\u0131, sayfalar aras\u0131 otorite transferi sa\u011fland\u0131 ve kullan\u0131c\u0131lar\u0131n ilgilendikleri farkl\u0131 konulara daha kolay eri\u015fmeleri sa\u011fland\u0131. Bu, kullan\u0131c\u0131lar\u0131n sitede daha fazla zaman ge\u00e7irmelerini sa\u011flad\u0131. Ayr\u0131ca, yeni yay\u0131nlanan i\u00e7eriklerden eski i\u00e7eriklere i\u00e7 ba\u011flant\u0131lar eklenerek bir i\u00e7 ba\u011flant\u0131 stratejisi uyguland\u0131 ve b\u00f6ylece daha \u00f6nce yay\u0131nlanan bloglara olan trafik art\u0131r\u0131ld\u0131. Bu, i\u00e7erik g\u00fcncellenmedi\u011finde bile organik trafi\u011fin artmas\u0131na yard\u0131mc\u0131 oldu.    <\/p><p><\/p><p><\/p><p><\/p><\/p><\/div>\t\t\t\t<\/div>\n\t\t\t\t<\/div>\n\t\t\t\t\t<\/div>\n\t\t\t\t<\/div>\n\t\t\t\t<section class=\"elementor-section elementor-top-section elementor-element elementor-element-0719945 elementor-section-stretched elementor-section-boxed elementor-section-height-default elementor-section-height-default\" data-id=\"0719945\" data-element_type=\"section\" data-settings=\"{&quot;stretch_section&quot;:&quot;section-stretched&quot;,&quot;background_background&quot;:&quot;classic&quot;}\">\n\t\t\t\t\t\t<div class=\"elementor-container elementor-column-gap-default\">\n\t\t\t\t\t<div class=\"elementor-column elementor-col-100 elementor-top-column elementor-element elementor-element-7e7ec9e\" data-id=\"7e7ec9e\" data-element_type=\"column\">\n\t\t\t<div class=\"elementor-widget-wrap elementor-element-populated\">\n\t\t\t\t\t\t<div class=\"elementor-element elementor-element-ee28df2 elementor-widget elementor-widget-pix-text\" data-id=\"ee28df2\" data-element_type=\"widget\" data-widget_type=\"pix-text.default\">\n\t\t\t\t<div class=\"elementor-widget-container\">\n\t\t\t\t\t<div class=\"pix-el-text w-100 text-left \" ><p class=\"resp-option text-left \"><h3><strong>Sonu\u00e7 <\/strong><\/h3><p><\/p><p><a href=\"https:\/\/yoyojunior.com\/blog\" target=\"_blank\" rel=\"noopener\">Yoyo Junior<\/a> blogunda Ocak 2023&#8217;te 64 milyar g\u00f6sterimden Haziran ay\u0131nda 652 milyar g\u00f6sterime ula\u015farak %400 b\u00fcy\u00fcme elde edildi. Bu alt\u0131 ayl\u0131k d\u00f6nemde <strong>12 milyar t\u0131klama<\/strong> ve <strong>652 milyar g\u00f6sterim<\/strong> kaydedildi. <\/p><p> <\/p><p>Peki, kendi markan\u0131z i\u00e7in bu trafi\u011fi nas\u0131l olu\u015fturabilirsiniz? Detayl\u0131 bilgi i\u00e7in ileti\u015fime ge\u00e7ebilirsiniz. <\/p><p><\/p><\/p><\/div>\t\t\t\t<\/div>\n\t\t\t\t<\/div>\n\t\t\t\t\t<\/div>\n\t\t<\/div>\n\t\t\t\t\t<\/div>\n\t\t<\/section>\n\t\t<div class=\"elementor-element elementor-element-ed96e6d e-flex e-con-boxed e-con e-parent\" data-id=\"ed96e6d\" data-element_type=\"container\">\n\t\t\t\t\t<div class=\"e-con-inner\">\n\t\t<div class=\"elementor-element elementor-element-c7dc455 e-con-full e-flex e-con e-child\" data-id=\"c7dc455\" data-element_type=\"container\">\n\t\t\t\t<div class=\"elementor-element elementor-element-f7c7eca elementor-widget elementor-widget-pix-heading\" data-id=\"f7c7eca\" data-element_type=\"widget\" data-widget_type=\"pix-heading.default\">\n\t\t\t\t<div class=\"elementor-widget-container\">\n\t\t\t\t\t<div  class=\"pix-heading-el text-center \"><h3 class=\"font-weight-bold h3 heading-text el-title_custom_color mb-12\" style=\"\" data-anim-type=\"\" data-anim-delay=\"\">Bir toplant\u0131 planlayal\u0131m! Bize ula\u015f\u0131n!<\/h3><\/div>\t\t\t\t<\/div>\n\t\t\t\t<\/div>\n\t\t\t\t<div class=\"elementor-element elementor-element-f31fc98 elementor-widget elementor-widget-shortcode\" data-id=\"f31fc98\" data-element_type=\"widget\" data-widget_type=\"shortcode.default\">\n\t\t\t\t\t\t\t<div class=\"elementor-shortcode\"><p class=\"wpcf7-contact-form-not-found\"><strong>Hata:<\/strong> \u0130leti\u015fim formu bulunamad\u0131.<\/p><\/div>\n\t\t\t\t\t\t<\/div>\n\t\t\t\t<\/div>\n\t\t\t\t\t<\/div>\n\t\t\t\t<\/div>\n\t\t\t\t<\/div>\n\t\t","protected":false},"excerpt":{"rendered":"<p>Marka: yoyo Junior Ba\u015far\u0131 Hikayesi Konusu: Blog stratejisinde bo\u015fluklar olan Yoyo Junior i\u00e7in detayl\u0131 bir hedef kitle analizi yap\u0131ld\u0131. Kullan\u0131c\u0131lar\u0131n en \u00e7ok merak etti\u011fi konular derlendi ve bu konulara \u00f6zel blog i\u00e7erikleri haz\u0131rland\u0131. Hedef kitle analizinin yan\u0131 s\u0131ra, etkili ve&#8230;<\/p>\n","protected":false},"author":1,"featured_media":0,"parent":8440,"menu_order":0,"comment_status":"closed","ping_status":"closed","template":"","meta":{"footnotes":""},"class_list":["post-8446","page","type-page","status-publish","hentry"],"_hostinger_reach_plugin_has_subscription_block":false,"_hostinger_reach_plugin_is_elementor":false,"_links":{"self":[{"href":"https:\/\/rtnhouse.com\/tr\/wp-json\/wp\/v2\/pages\/8446","targetHints":{"allow":["GET"]}}],"collection":[{"href":"https:\/\/rtnhouse.com\/tr\/wp-json\/wp\/v2\/pages"}],"about":[{"href":"https:\/\/rtnhouse.com\/tr\/wp-json\/wp\/v2\/types\/page"}],"author":[{"embeddable":true,"href":"https:\/\/rtnhouse.com\/tr\/wp-json\/wp\/v2\/users\/1"}],"replies":[{"embeddable":true,"href":"https:\/\/rtnhouse.com\/tr\/wp-json\/wp\/v2\/comments?post=8446"}],"version-history":[{"count":4,"href":"https:\/\/rtnhouse.com\/tr\/wp-json\/wp\/v2\/pages\/8446\/revisions"}],"predecessor-version":[{"id":8457,"href":"https:\/\/rtnhouse.com\/tr\/wp-json\/wp\/v2\/pages\/8446\/revisions\/8457"}],"up":[{"embeddable":true,"href":"https:\/\/rtnhouse.com\/tr\/wp-json\/wp\/v2\/pages\/8440"}],"wp:attachment":[{"href":"https:\/\/rtnhouse.com\/tr\/wp-json\/wp\/v2\/media?parent=8446"}],"curies":[{"name":"wp","href":"https:\/\/api.w.org\/{rel}","templated":true}]}}