{"id":8443,"date":"2025-10-30T11:38:46","date_gmt":"2025-10-30T11:38:46","guid":{"rendered":"https:\/\/rtnhouse.com\/vaka-calismalari\/vaka-calismasi-yurtdisindaki-dis-hekimimiz-ingiltere-pazarinda-potansiyel-musteri-kalitesinde-%120-artis\/"},"modified":"2025-11-03T11:05:14","modified_gmt":"2025-11-03T11:05:14","slug":"vaka-calismasi-yurtdisindaki-dis-hekimimiz-ingiltere-pazarinda-potansiyel-musteri-kalitesinde-%120-artis","status":"publish","type":"page","link":"https:\/\/rtnhouse.com\/tr\/vaka-calismalari\/vaka-calismasi-yurtdisindaki-dis-hekimimiz-ingiltere-pazarinda-potansiyel-musteri-kalitesinde-%120-artis\/","title":{"rendered":"Vaka \u00c7al\u0131\u015fmas\u0131: Yurtd\u0131\u015f\u0131ndaki Di\u015f Hekimimiz \u2013 \u0130ngiltere Pazar\u0131nda Potansiyel M\u00fc\u015fteri Kalitesinde %120 Art\u0131\u015f"},"content":{"rendered":"\t\t<div data-elementor-type=\"wp-page\" data-elementor-id=\"8443\" class=\"elementor elementor-8443 elementor-7897\" data-elementor-post-type=\"page\">\n\t\t\t\t<div class=\"elementor-element elementor-element-baf1d18 e-flex e-con-boxed e-con e-parent\" data-id=\"baf1d18\" data-element_type=\"container\" data-settings=\"{&quot;background_background&quot;:&quot;classic&quot;}\">\n\t\t\t\t\t<div class=\"e-con-inner\">\n\t\t\t\t<div class=\"elementor-element elementor-element-24c1d35 elementor-widget elementor-widget-shortcode\" data-id=\"24c1d35\" data-element_type=\"widget\" data-widget_type=\"shortcode.default\">\n\t\t\t\t\t\t\t<div class=\"elementor-shortcode\"><nav aria-label=\"breadcrumbs\" class=\"rank-math-breadcrumb\"><p><span class=\"last\">Home<\/span><\/p><\/nav><\/div>\n\t\t\t\t\t\t<\/div>\n\t\t\t\t\t<\/div>\n\t\t\t\t<\/div>\n\t\t<div class=\"elementor-element elementor-element-13d0741 e-flex e-con-boxed e-con e-parent\" data-id=\"13d0741\" data-element_type=\"container\">\n\t\t\t\t\t<div class=\"e-con-inner\">\n\t\t\t\t<div class=\"elementor-element elementor-element-ee6e6b9 elementor-widget elementor-widget-pix-text\" data-id=\"ee6e6b9\" data-element_type=\"widget\" data-widget_type=\"pix-text.default\">\n\t\t\t\t<div class=\"elementor-widget-container\">\n\t\t\t\t\t<div class=\"pix-el-text w-100 text-left \" ><p class=\"resp-option text-left \"><p>Antalya&#8217;da bulunan bir di\u015f klini\u011fi olan Our Dentist Abroad, \u0130ngiltere pazar\u0131ndaki sa\u011fl\u0131k turizmini hedefleyen dijital reklam kampanyalar\u0131nda yeterli ba\u015fvuru kalitesine ula\u015fmakta zorlan\u0131yordu. Kullan\u0131lan formlar\u0131n yetersizli\u011fi nedeniyle, gelen ba\u015fvurular\u0131n yaln\u0131zca %20&#8217;sine eri\u015filebiliyordu ve etkili bir ileti\u015fim kurulam\u0131yordu. Ayr\u0131ca, reklam \u00e7al\u0131\u015fmalar\u0131 tek bir kanal \u00fczerinden y\u00fcr\u00fct\u00fcl\u00fcyordu.  <\/p><p>RTN House&#8217;da, daha kaliteli ba\u015fvurular elde etmek i\u00e7in form yap\u0131s\u0131n\u0131 yeniden tasarlad\u0131k. Kampanyalar\u0131 Google ile entegre ederek, s\u00fcrekli ve y\u00fcksek kaliteli bir talep ak\u0131\u015f\u0131 sa\u011flad\u0131k. Bu iyile\u015ftirmelerin sonucunda, ula\u015f\u0131labilir potansiyel m\u00fc\u015fteri oran\u0131 %60&#8217;\u0131 a\u015ft\u0131.  <\/p><\/p><\/div>\t\t\t\t<\/div>\n\t\t\t\t<\/div>\n\t\t\t\t\t<\/div>\n\t\t\t\t<\/div>\n\t\t<div class=\"elementor-element elementor-element-566e478 e-flex e-con-boxed e-con e-parent\" data-id=\"566e478\" data-element_type=\"container\">\n\t\t\t\t\t<div class=\"e-con-inner\">\n\t\t<div class=\"elementor-element elementor-element-adbfe5a e-con-full e-flex e-con e-child\" data-id=\"adbfe5a\" data-element_type=\"container\">\n\t\t\t\t<div class=\"elementor-element elementor-element-16d28d9 elementor-widget elementor-widget-pix-img\" data-id=\"16d28d9\" data-element_type=\"widget\" data-widget_type=\"pix-img.default\">\n\t\t\t\t<div class=\"elementor-widget-container\">\n\t\t\t\t\t<div id=\"el-16d28d9\" class=\"pix-img-element d-inline-block \" ><div class=\"pix-img-el     text-left d-inline-block  w-100 rounded-lg\"  ><img fetchpriority=\"high\" decoding=\"async\" width=\"1000\" height=\"1000\" src=\"https:\/\/rtnhouse.com\/wp-content\/uploads\/2025\/10\/OUR-DENTIST-CASE-FORM-GORSELI.webp\" class=\"pix-img-elem rounded-lg\" alt=\"Image link\" srcset=\"https:\/\/rtnhouse.com\/wp-content\/uploads\/2025\/10\/OUR-DENTIST-CASE-FORM-GORSELI.webp 1000w, https:\/\/rtnhouse.com\/wp-content\/uploads\/2025\/10\/OUR-DENTIST-CASE-FORM-GORSELI-300x300.webp 300w, https:\/\/rtnhouse.com\/wp-content\/uploads\/2025\/10\/OUR-DENTIST-CASE-FORM-GORSELI-150x150.webp 150w, https:\/\/rtnhouse.com\/wp-content\/uploads\/2025\/10\/OUR-DENTIST-CASE-FORM-GORSELI-768x768.webp 768w, https:\/\/rtnhouse.com\/wp-content\/uploads\/2025\/10\/OUR-DENTIST-CASE-FORM-GORSELI-75x75.webp 75w, https:\/\/rtnhouse.com\/wp-content\/uploads\/2025\/10\/OUR-DENTIST-CASE-FORM-GORSELI-460x460.webp 460w\" sizes=\"(max-width: 1000px) 100vw, 1000px\" \/><\/div><\/div>\t\t\t\t<\/div>\n\t\t\t\t<\/div>\n\t\t\t\t<\/div>\n\t\t<div class=\"elementor-element elementor-element-c7f91ff e-con-full e-flex e-con e-child\" data-id=\"c7f91ff\" data-element_type=\"container\">\n\t\t\t\t<div class=\"elementor-element elementor-element-cc02f6d elementor-widget elementor-widget-pix-text\" data-id=\"cc02f6d\" data-element_type=\"widget\" data-widget_type=\"pix-text.default\">\n\t\t\t\t<div class=\"elementor-widget-container\">\n\t\t\t\t\t<div class=\"pix-el-text w-100 text-left \" ><p class=\"resp-option text-left \"><h3><strong>Meta Ads \u2013 Potansiyel M\u00fc\u015fteri Kalitesini Art\u0131rmay\u0131 Ama\u00e7layan Form Yap\u0131s\u0131<\/strong><\/h3><p>Mevcut form altyap\u0131s\u0131, kullan\u0131c\u0131lar\u0131 daha do\u011fru bir \u015fekilde y\u00f6nlendiren ve \u00f6n de\u011ferlendirme g\u00f6revi g\u00f6ren bir yap\u0131ya d\u00f6n\u00fc\u015ft\u00fcr\u00fcld\u00fc. Bu sayede, ara\u015ft\u0131rma ve karar a\u015famas\u0131na ula\u015fm\u0131\u015f, ger\u00e7ekten ilgilenen ki\u015filer ba\u015fvuruda bulunabildi. Potansiyel m\u00fc\u015fteri kalitesinde \u00f6nemli bir art\u0131\u015f sa\u011fland\u0131.  <\/p><\/p><\/div>\t\t\t\t<\/div>\n\t\t\t\t<\/div>\n\t\t\t\t<\/div>\n\t\t\t\t\t<\/div>\n\t\t\t\t<\/div>\n\t\t<div class=\"elementor-element elementor-element-81494ee e-flex e-con-boxed e-con e-parent\" data-id=\"81494ee\" data-element_type=\"container\">\n\t\t\t\t\t<div class=\"e-con-inner\">\n\t\t<div class=\"elementor-element elementor-element-faadf37 e-con-full e-flex e-con e-child\" data-id=\"faadf37\" data-element_type=\"container\">\n\t\t\t\t<div class=\"elementor-element elementor-element-6036737 elementor-widget elementor-widget-pix-text\" data-id=\"6036737\" data-element_type=\"widget\" data-widget_type=\"pix-text.default\">\n\t\t\t\t<div class=\"elementor-widget-container\">\n\t\t\t\t\t<div class=\"pix-el-text w-100 text-left \" ><p class=\"resp-option text-left \"><h3 class=\"wp-block-heading\"><strong>A\u00e7\u0131l\u0131\u015f Sayfas\u0131 \u2013 Hizmet Odakl\u0131 ve D\u00f6n\u00fc\u015f\u00fcm \u00d6ncelikli Yap\u0131<\/strong><\/h3><p>\u0130ngiltere pazar\u0131na uygun olarak \u0130ngilizce ve mobil cihazlara uyumlu olarak haz\u0131rlanan sayfalar, kullan\u0131c\u0131lar\u0131n g\u00fcvenini art\u0131rmaya y\u00f6nelik i\u00e7erikler i\u00e7eriyordu.<br>Sayfalar\u0131n d\u00f6n\u00fc\u015f\u00fcm performans\u0131, ger\u00e7ek kullan\u0131c\u0131 yorumlar\u0131, hasta deneyim videolar\u0131 ve \u00f6ncesi-sonras\u0131 g\u00f6r\u00fcnt\u00fcleri gibi sosyal kan\u0131t unsurlar\u0131yla desteklendi. Bu yap\u0131, ba\u015fvuru oranlar\u0131n\u0131 olumlu etkilemekle kalmad\u0131, ayn\u0131 zamanda genel ziyaret\u00e7i deneyimini de olumlu y\u00f6nde etkiledi. <\/p><h3><strong>Google Ads \u2013 Yeni ve Hedefli Bir Kanal A\u00e7\u0131ld\u0131<\/strong><\/h3><p>Daha \u00f6nce kullan\u0131lmayan Google reklamlar\u0131, hizmet tabanl\u0131 Arama ve Performans Max kampanyalar\u0131 ba\u015flat\u0131ld\u0131.<\/p><p>Her kampanya, kullan\u0131c\u0131lar\u0131 \u00f6zel olarak tasarlanm\u0131\u015f a\u00e7\u0131l\u0131\u015f sayfalar\u0131na y\u00f6nlendirerek farkl\u0131 hizmet gruplar\u0131na uyacak \u015fekilde yap\u0131land\u0131r\u0131ld\u0131. Bu segmentasyon, reklam performans\u0131nda belirgin bir art\u0131\u015f sa\u011flad\u0131. <\/p><\/p><\/div>\t\t\t\t<\/div>\n\t\t\t\t<\/div>\n\t\t\t\t<\/div>\n\t\t<div class=\"elementor-element elementor-element-1ffb0ca e-con-full e-flex e-con e-child\" data-id=\"1ffb0ca\" data-element_type=\"container\">\n\t\t\t\t<div class=\"elementor-element elementor-element-7d5c71e elementor-widget elementor-widget-pix-img\" data-id=\"7d5c71e\" data-element_type=\"widget\" data-widget_type=\"pix-img.default\">\n\t\t\t\t<div class=\"elementor-widget-container\">\n\t\t\t\t\t<div id=\"el-7d5c71e\" class=\"pix-img-element d-inline-block \" ><div class=\"pix-img-el     text-left d-inline-block  w-100 rounded-lg\"  ><img decoding=\"async\" width=\"1080\" height=\"1350\" src=\"https:\/\/rtnhouse.com\/wp-content\/uploads\/2025\/10\/Welcome-Ourdentist-Abroad.jpg\" class=\"pix-img-elem rounded-lg\" alt=\"Image link\" srcset=\"https:\/\/rtnhouse.com\/wp-content\/uploads\/2025\/10\/Welcome-Ourdentist-Abroad.jpg 1080w, https:\/\/rtnhouse.com\/wp-content\/uploads\/2025\/10\/Welcome-Ourdentist-Abroad-240x300.jpg 240w, https:\/\/rtnhouse.com\/wp-content\/uploads\/2025\/10\/Welcome-Ourdentist-Abroad-819x1024.jpg 819w, https:\/\/rtnhouse.com\/wp-content\/uploads\/2025\/10\/Welcome-Ourdentist-Abroad-768x960.jpg 768w\" sizes=\"(max-width: 1080px) 100vw, 1080px\" \/><\/div><\/div>\t\t\t\t<\/div>\n\t\t\t\t<\/div>\n\t\t\t\t<\/div>\n\t\t\t\t\t<\/div>\n\t\t\t\t<\/div>\n\t\t\t\t<section class=\"elementor-section elementor-top-section elementor-element elementor-element-0719945 elementor-section-stretched elementor-section-boxed elementor-section-height-default elementor-section-height-default\" data-id=\"0719945\" data-element_type=\"section\" data-settings=\"{&quot;stretch_section&quot;:&quot;section-stretched&quot;,&quot;background_background&quot;:&quot;classic&quot;}\">\n\t\t\t\t\t\t<div class=\"elementor-container elementor-column-gap-default\">\n\t\t\t\t\t<div class=\"elementor-column elementor-col-100 elementor-top-column elementor-element elementor-element-7e7ec9e\" data-id=\"7e7ec9e\" data-element_type=\"column\">\n\t\t\t<div class=\"elementor-widget-wrap elementor-element-populated\">\n\t\t\t\t\t\t<div class=\"elementor-element elementor-element-ee28df2 elementor-widget elementor-widget-pix-text\" data-id=\"ee28df2\" data-element_type=\"widget\" data-widget_type=\"pix-text.default\">\n\t\t\t\t<div class=\"elementor-widget-container\">\n\t\t\t\t\t<div class=\"pix-el-text w-100 text-left \" ><p class=\"resp-option text-left \"><h3 class=\"wp-block-heading\"><strong>Davran\u0131\u015f Analizi \u2013 S\u00fcrekli \u0130yile\u015ftirme S\u00fcreci<\/strong><\/h3><p>Sayfadaki kullan\u0131c\u0131 davran\u0131\u015flar\u0131, Microsoft Clarity kullan\u0131larak d\u00fczenli olarak analiz edildi ve ziyaret\u00e7ilerin etkile\u015fim alanlar\u0131 ve \u00e7\u0131k\u0131\u015f noktalar\u0131 belirlendi. Bu verilere dayal\u0131 olarak yap\u0131lan iyile\u015ftirmeler, sayfa performans\u0131nda s\u00fcrd\u00fcr\u00fclebilir bir art\u0131\u015fa katk\u0131da bulundu. <\/p><\/p><\/div>\t\t\t\t<\/div>\n\t\t\t\t<\/div>\n\t\t\t\t<div class=\"elementor-element elementor-element-bc1bb85 elementor-widget elementor-widget-pix-heading\" data-id=\"bc1bb85\" data-element_type=\"widget\" data-widget_type=\"pix-heading.default\">\n\t\t\t\t<div class=\"elementor-widget-container\">\n\t\t\t\t\t<div  class=\"pix-heading-el text-center \"><h3 class=\"font-weight-bold h3 heading-text el-title_custom_color mb-12\" style=\"\" data-anim-type=\"\" data-anim-delay=\"\">M\u00fc\u015fteri Geri Bildirimi<\/h3><\/div>\t\t\t\t<\/div>\n\t\t\t\t<\/div>\n\t\t\t\t<section class=\"elementor-section elementor-inner-section elementor-element elementor-element-bd83b1d elementor-section-boxed elementor-section-height-default elementor-section-height-default\" data-id=\"bd83b1d\" data-element_type=\"section\">\n\t\t\t\t\t\t<div class=\"elementor-container elementor-column-gap-default\">\n\t\t\t\t\t<div class=\"elementor-column elementor-col-100 elementor-inner-column elementor-element elementor-element-b059ff6\" data-id=\"b059ff6\" data-element_type=\"column\">\n\t\t\t<div class=\"elementor-widget-wrap elementor-element-populated\">\n\t\t\t\t\t\t<div class=\"elementor-element elementor-element-b36ca17 elementor-invisible elementor-widget elementor-widget-pix-card-wide\" data-id=\"b36ca17\" data-element_type=\"widget\" data-widget_type=\"pix-card-wide.default\">\n\t\t\t\t<div class=\"elementor-widget-container\">\n\t\t\t\t\t<a  rel=\"nofollow\" href=\"#\"><div class=\"card yuvarlak-10 overflow-hidden row no-gutters flex-column flex-md-row flex-md-row-reverse    fly-sm  animate-in \" data-anim-delay=\"0\" data-anim-type=\"pix-3d-down-in\"><div class=\"card-body d-flex align-content-between flex-wrap col-md-6 p-lg-5 p-md-5 p-4\"><div class=\"d-flex align-items-start\"><div><h3 style=\"\" class=\"font-weight-bold text-heading-default mb-3\">\u0130rem Duranal \u2013 Sat\u0131\u015f Lideri, Our Dentist Abroad<\/h3><\/div><\/div><div class=\"d-flex align-items-end\"><div><p class=\"text-body-default text-18 text-left mb-0\" >\"RTN House ile \u00e7al\u0131\u015fmaya ba\u015flamadan \u00f6nce, farkl\u0131 platformlarda reklam veriyorduk, ancak sonu\u00e7lar hem d\u00fc\u015f\u00fck kalitede hem de d\u00f6n\u00fc\u015f\u00fcm oranlar\u0131m\u0131z istedi\u011fimiz seviyede de\u011fildi. RTN House ekibi, \u00f6zellikle hedef kitle analizi ve kampanya optimizasyonu konusunda \u00e7ok detayl\u0131 bir \u00e7al\u0131\u015fma yapt\u0131. \u00d6n eleme sa\u011flamak i\u00e7in Meta reklamlar\u0131m\u0131za filtre sorular\u0131 eklediler ve Google taraf\u0131nda Performance Max ve Search kampanyalar\u0131n\u0131 ayr\u0131 ayr\u0131 kurdular. Ayr\u0131ca hasta videolar\u0131, sosyal kan\u0131tlar ve SEO dostu i\u00e7eriklerle landing sayfalar\u0131m\u0131z\u0131 g\u00fc\u00e7lendirdiler. Microsoft Clarity ile sayfa i\u00e7i kullan\u0131c\u0131 davran\u0131\u015f\u0131n\u0131 analiz etmek de bizim i\u00e7in oyunun kurallar\u0131n\u0131 de\u011fi\u015ftiren bir ad\u0131m oldu. T\u00fcm bu \u00e7al\u0131\u015fmalar\u0131n sonucunda, hem ald\u0131\u011f\u0131m\u0131z potansiyel m\u00fc\u015fteri say\u0131s\u0131 artt\u0131 hem de kalitede \u00f6nemli bir iyile\u015fme g\u00f6rd\u00fck. Hedefe y\u00f6nelik \u00e7abalar ve d\u00fczenli geri bildirimler i\u00e7 ileti\u015fimimizi g\u00fc\u00e7lendirdi. Sadece 5 ayda, nitelikli potansiyel m\u00fc\u015fterilerimizde %120 art\u0131\u015f sa\u011flad\u0131k. RTN House ile \u00e7al\u0131\u015fmak bizim i\u00e7in \u00e7ok verimli bir karar oldu.\"<\/p><\/div><\/div><\/div><div class=\"flex-column col-md-6\"><img decoding=\"async\" class=\"card-img rounded-0 pix-fit-cover flex-grow-1 h-100\" src=\"https:\/\/rtnhouse.com\/wp-content\/uploads\/2025\/10\/Case-Review.webp\" alt=\"\u0130rem Duranal \u2013 Sat\u0131\u015f Lideri, Our Dentist Abroad\" \/><\/div><\/div><\/a>\t\t\t\t<\/div>\n\t\t\t\t<\/div>\n\t\t\t\t\t<\/div>\n\t\t<\/div>\n\t\t\t\t\t<\/div>\n\t\t<\/section>\n\t\t\t\t<div class=\"elementor-element elementor-element-686cec5 elementor-widget elementor-widget-pix-text\" data-id=\"686cec5\" data-element_type=\"widget\" data-widget_type=\"pix-text.default\">\n\t\t\t\t<div class=\"elementor-widget-container\">\n\t\t\t\t\t<div class=\"pix-el-text w-100 text-left \" ><p class=\"resp-option text-left \"><p>Sadece be\u015f ayl\u0131k k\u0131sa bir s\u00fcre i\u00e7inde ger\u00e7ekle\u015ftirilen d\u00f6n\u00fc\u015f\u00fcm odakl\u0131 \u00e7abalar\u0131n sonucunda, kampanyan\u0131n etkinli\u011fi ve uygulama kalitesi \u00f6nemli \u00f6l\u00e7\u00fcde iyile\u015fti.<\/p><p><strong>Ayn\u0131 b\u00fct\u00e7eyle %40 daha fazla ba\u015fvuru al\u0131n\u0131rken, potansiyel m\u00fc\u015fteri eri\u015fim oran\u0131 %120 artt\u0131.<\/strong><\/p><p>Bu vaka, <strong>iyi planlanm\u0131\u015f ve veriye dayal\u0131 dijital pazarlama uygulamalar\u0131<\/strong> ile <strong>sa\u011fl\u0131k turizmi<\/strong> gibi rekabetin yo\u011fun oldu\u011fu bir pazarda nas\u0131l somut sonu\u00e7lar elde edilebilece\u011finin etkileyici bir \u00f6rne\u011fini sunmaktad\u0131r.<\/p><\/p><\/div>\t\t\t\t<\/div>\n\t\t\t\t<\/div>\n\t\t\t\t\t<\/div>\n\t\t<\/div>\n\t\t\t\t\t<\/div>\n\t\t<\/section>\n\t\t<div class=\"elementor-element elementor-element-ed96e6d e-flex e-con-boxed e-con e-parent\" data-id=\"ed96e6d\" data-element_type=\"container\">\n\t\t\t\t\t<div class=\"e-con-inner\">\n\t\t<div class=\"elementor-element elementor-element-c7dc455 e-con-full e-flex e-con e-child\" data-id=\"c7dc455\" data-element_type=\"container\">\n\t\t\t\t<div class=\"elementor-element elementor-element-f7c7eca elementor-widget elementor-widget-pix-heading\" data-id=\"f7c7eca\" data-element_type=\"widget\" data-widget_type=\"pix-heading.default\">\n\t\t\t\t<div class=\"elementor-widget-container\">\n\t\t\t\t\t<div  class=\"pix-heading-el text-center \"><h3 class=\"font-weight-bold h3 heading-text el-title_custom_color mb-12\" style=\"\" data-anim-type=\"\" data-anim-delay=\"\">Bir toplant\u0131 planlayal\u0131m! Bize ula\u015f\u0131n!<\/h3><\/div>\t\t\t\t<\/div>\n\t\t\t\t<\/div>\n\t\t\t\t<div class=\"elementor-element elementor-element-f31fc98 elementor-widget elementor-widget-shortcode\" data-id=\"f31fc98\" data-element_type=\"widget\" data-widget_type=\"shortcode.default\">\n\t\t\t\t\t\t\t<div class=\"elementor-shortcode\"><p class=\"wpcf7-contact-form-not-found\"><strong>Hata:<\/strong> \u0130leti\u015fim formu bulunamad\u0131.<\/p><\/div>\n\t\t\t\t\t\t<\/div>\n\t\t\t\t<\/div>\n\t\t\t\t\t<\/div>\n\t\t\t\t<\/div>\n\t\t\t\t<\/div>\n\t\t","protected":false},"excerpt":{"rendered":"<p>Antalya&#8217;da bulunan bir di\u015f klini\u011fi olan Our Dentist Abroad, \u0130ngiltere pazar\u0131ndaki sa\u011fl\u0131k turizmini hedefleyen dijital reklam kampanyalar\u0131nda yeterli ba\u015fvuru kalitesine ula\u015fmakta zorlan\u0131yordu. Kullan\u0131lan formlar\u0131n yetersizli\u011fi nedeniyle, gelen ba\u015fvurular\u0131n yaln\u0131zca %20&#8217;sine eri\u015filebiliyordu ve etkili bir ileti\u015fim kurulam\u0131yordu. Ayr\u0131ca, reklam \u00e7al\u0131\u015fmalar\u0131 tek&#8230;<\/p>\n","protected":false},"author":1,"featured_media":0,"parent":8440,"menu_order":0,"comment_status":"closed","ping_status":"closed","template":"","meta":{"footnotes":""},"class_list":["post-8443","page","type-page","status-publish","hentry"],"_hostinger_reach_plugin_has_subscription_block":false,"_hostinger_reach_plugin_is_elementor":false,"_links":{"self":[{"href":"https:\/\/rtnhouse.com\/tr\/wp-json\/wp\/v2\/pages\/8443","targetHints":{"allow":["GET"]}}],"collection":[{"href":"https:\/\/rtnhouse.com\/tr\/wp-json\/wp\/v2\/pages"}],"about":[{"href":"https:\/\/rtnhouse.com\/tr\/wp-json\/wp\/v2\/types\/page"}],"author":[{"embeddable":true,"href":"https:\/\/rtnhouse.com\/tr\/wp-json\/wp\/v2\/users\/1"}],"replies":[{"embeddable":true,"href":"https:\/\/rtnhouse.com\/tr\/wp-json\/wp\/v2\/comments?post=8443"}],"version-history":[{"count":2,"href":"https:\/\/rtnhouse.com\/tr\/wp-json\/wp\/v2\/pages\/8443\/revisions"}],"predecessor-version":[{"id":8445,"href":"https:\/\/rtnhouse.com\/tr\/wp-json\/wp\/v2\/pages\/8443\/revisions\/8445"}],"up":[{"embeddable":true,"href":"https:\/\/rtnhouse.com\/tr\/wp-json\/wp\/v2\/pages\/8440"}],"wp:attachment":[{"href":"https:\/\/rtnhouse.com\/tr\/wp-json\/wp\/v2\/media?parent=8443"}],"curies":[{"name":"wp","href":"https:\/\/api.w.org\/{rel}","templated":true}]}}