{"id":8440,"date":"2025-10-22T11:05:53","date_gmt":"2025-10-22T11:05:53","guid":{"rendered":"https:\/\/rtnhouse.com\/vaka-calismalari\/"},"modified":"2025-11-25T08:23:40","modified_gmt":"2025-11-25T08:23:40","slug":"vaka-calismalari","status":"publish","type":"page","link":"https:\/\/rtnhouse.com\/tr\/vaka-calismalari\/","title":{"rendered":"Vaka \u00c7al\u0131\u015fmalar\u0131"},"content":{"rendered":"\t\t<div data-elementor-type=\"wp-page\" data-elementor-id=\"8440\" class=\"elementor elementor-8440 elementor-7602\" data-elementor-post-type=\"page\">\n\t\t\t\t<div class=\"elementor-element elementor-element-d77ada8 e-flex e-con-boxed e-con e-parent\" data-id=\"d77ada8\" data-element_type=\"container\">\n\t\t\t\t\t<div class=\"e-con-inner\">\n\t\t\t\t<div class=\"elementor-element elementor-element-2db682a elementor-invisible elementor-widget elementor-widget-pix-badge\" data-id=\"2db682a\" data-element_type=\"widget\" data-widget_type=\"pix-badge.default\">\n\t\t\t\t<div class=\"elementor-widget-container\">\n\t\t\t\t\t<div class=\"pix-element-div w-100 text-center\"><span class=\"pix-badge-element h1 d-inline-flex mr-1 animate-in\" data-anim-type=\"fade-in-left\" data-anim-delay=\"0\"><span class=\"badge font-weight-bold secondary-font badge-pill shadow bg-primary  \" style=\" \"><span class=\"text-white\" style=\"\">Vaka \u00c7al\u0131\u015fmalar\u0131<\/span><\/span><\/span><\/div>\t\t\t\t<\/div>\n\t\t\t\t<\/div>\n\t\t\t\t<div class=\"elementor-element elementor-element-1641747 elementor-widget-mobile__width-initial elementor-invisible elementor-widget elementor-widget-pix-highlighted-text\" data-id=\"1641747\" data-element_type=\"widget\" data-widget_type=\"pix-highlighted-text.default\">\n\t\t\t\t<div class=\"elementor-widget-container\">\n\t\t\t\t\t<div id=\"el-1641747\" class=\"pix-highlighted-element text-center \"><div class=\"d-inline-block\" style=\"max-width:750px;\"><h2 class=\"pix-highlighted-items animate-in\" style=\"\" data-anim-type=\"fade-in-up\" data-anim-delay=\"100\"><span id=\"el-1641747-0\"  class=\" elementor-repeater-item-2430d8b\"><span   class=\"pix-highlighted-text  pix-highlight-item font-weight-normal  font-weight-bold heading-font text-heading-default\">Ba\u015far\u0131 hikayelerini<\/span><\/span><span class=\"d-inline-flex mx-2 scale  elementor-repeater-item-387bf93 el-1641747-1 animate-in rounded-0\" data-anim-type=\"pix-3d-left-in\" data-anim-delay=\"0\" style=\"vertical-align: middle;line-height:1;\"><img decoding=\"async\" width=\"92\" height=\"100\" src=\"https:\/\/rtnhouse.com\/wp-content\/uploads\/2022\/02\/ht-image-5.png\" class=\"pix-fit-cover rounded-0 animate-in\" alt=\"\" \/><\/span><span id=\"el-1641747-2\"  class=\" elementor-repeater-item-2cb839e\"><span   class=\"pix-highlighted-text  pix-highlight-item font-weight-normal  font-weight-bold heading-font text-heading-default\">okumaya ba\u015flay\u0131n!<\/span><\/span><\/h2><\/div><\/div>\t\t\t\t<\/div>\n\t\t\t\t<\/div>\n\t\t\t\t<div class=\"elementor-element elementor-element-04af548 elementor-invisible elementor-widget elementor-widget-pix-text\" data-id=\"04af548\" data-element_type=\"widget\" data-widget_type=\"pix-text.default\">\n\t\t\t\t<div class=\"elementor-widget-container\">\n\t\t\t\t\t<div class=\"pix-el-text w-100 text-center \" ><div class=\"d-inline-block\" style=\"max-width:500px;\"><p class=\"text-20 resp-option text-body-default text-center \" ><span class=\"text-body-default animate-in d-inline-block\" data-anim-delay=\"200\" data-anim-type=\"fade-in-up\">Birlikte ba\u015far\u0131 hikayeleri yazmak, bizi  motive eden en \u00f6nemli fakt\u00f6rd\u00fcr.\nRTN House olarak, ger\u00e7ek b\u00fcy\u00fcmenin g\u00fcven ve ortak hedefler \u00fczerine kurulu g\u00fc\u00e7l\u00fc ve  kar\u015f\u0131l\u0131kl\u0131 ortakl\u0131klardan geldi\u011fine inan\u0131yoruz.\nBu nedenle, bizim kadar kendi potansiyellerine inanan markalarla i\u015fbirli\u011fi yap\u0131yoruz.<\/span><\/p><\/div><\/div>\t\t\t\t<\/div>\n\t\t\t\t<\/div>\n\t\t\t\t\t<\/div>\n\t\t\t\t<\/div>\n\t\t<div class=\"elementor-element elementor-element-9856cb8 e-flex e-con-boxed e-con e-parent\" data-id=\"9856cb8\" data-element_type=\"container\">\n\t\t\t\t\t<div class=\"e-con-inner\">\n\t\t<div class=\"elementor-element elementor-element-879089e e-con-full e-flex e-con e-child\" data-id=\"879089e\" data-element_type=\"container\">\n\t\t\t\t<div class=\"elementor-element elementor-element-19917a6 elementor-widget elementor-widget-pix-badge\" data-id=\"19917a6\" data-element_type=\"widget\" data-widget_type=\"pix-badge.default\">\n\t\t\t\t<div class=\"elementor-widget-container\">\n\t\t\t\t\t<span class=\"pix-badge-element h5 d-inline-flex mr-1 \"  ><span class=\"badge font-weight-bold  bg-primary  \" style=\" \"><span class=\"text-white\" style=\"\">Vaka \u00c7al\u0131\u015fmalar\u0131<\/span><\/span><\/span>\t\t\t\t<\/div>\n\t\t\t\t<\/div>\n\t\t\t\t<div class=\"elementor-element elementor-element-5c34b4f elementor-widget elementor-widget-pix-heading\" data-id=\"5c34b4f\" data-element_type=\"widget\" data-widget_type=\"pix-heading.default\">\n\t\t\t\t<div class=\"elementor-widget-container\">\n\t\t\t\t\t<div  class=\"pix-heading-el text-left \"><h2 class=\"font-weight-bold h2 heading-text el-title_custom_color mb-12\" style=\"\" data-anim-type=\"\" data-anim-delay=\"\">Markalar<\/h2><\/div>\t\t\t\t<\/div>\n\t\t\t\t<\/div>\n\t\t\t\t<div class=\"elementor-element elementor-element-ae6377b elementor-widget elementor-widget-pix-text\" data-id=\"ae6377b\" data-element_type=\"widget\" data-widget_type=\"pix-text.default\">\n\t\t\t\t<div class=\"elementor-widget-container\">\n\t\t\t\t\t<div class=\"pix-el-text w-100 text-left \" ><p class=\"text-20 resp-option  text-left \" >\u00dcstlendi\u011fimiz her proje, sadece bir i\u015fbirli\u011finden daha fazlas\u0131d\u0131r; \u00f6l\u00e7\u00fclebilir ba\u015far\u0131ya do\u011fru ortak bir yolculuktur.\n\u0130lk fikirden nihai sonuca kadar, strateji ve yarat\u0131c\u0131l\u0131\u011f\u0131 kal\u0131c\u0131 bir etkiye d\u00f6n\u00fc\u015ft\u00fcr\u00fcr\u00fcz \u2014 \u00e7\u00fcnk\u00fc sizin ba\u015far\u0131n\u0131z bizim de hikayemizdir.<\/p><\/div>\t\t\t\t<\/div>\n\t\t\t\t<\/div>\n\t\t\t\t<div class=\"elementor-element elementor-element-c5293a4 elementor-widget elementor-widget-pix-button\" data-id=\"c5293a4\" data-element_type=\"widget\" data-widget_type=\"pix-button.default\">\n\t\t\t\t<div class=\"elementor-widget-container\">\n\t\t\t\t\t<a href=\"https:\/\/wa.me\/905013244711\" class=\"btn m-0      btn-primary d-inline-flex align-items-center      btn-md\" target=\"_blank\" rel=\"noopener\"><svg class=\"pixfort-icon font-weight-bold   mr-2\" width=\"24\" height=\"24\"  data-name=\"Line\/pixfort-icon-whatsapp-1\" viewBox=\"2 2 20 20\"><path fill=\"none\" stroke=\"var(--pf-icon-color)\" stroke-linecap=\"round\" stroke-linejoin=\"round\" stroke-width=\"var(--pf-icon-stroke-width)\" d=\"M12.0636114,3.000193 L12.0484089,3.000193 C7.13819767,3.00020824 3.09755742,7.01028465 3.09755742,11.8833512 C3.09755742,11.9062111 3.09804882,11.9285985 3.09804882,11.9514736 C3.11654379,13.5008058 3.5206866,15.0215724 4.27451181,16.3784376 L3,21 L7.74995474,19.7837946 C9.06213238,20.4987462 10.5373363,20.8672737 12.0342045,20.8540627 C16.962582,20.8273014 21.0027308,16.7943804 20.9997824,11.9028126 C21.0115452,9.55262097 20.0777396,7.29243626 18.4066867,5.62721748 C16.7375841,3.93717288 14.4478793,2.98903739 12.0636114,3.000193 Z M15.8576938,13.7027978 C15.8576938,13.7027978 15.0733801,13.3622469 14.5831974,13.119018 C14.5341806,13.119018 14.4851639,13.0703722 14.4361318,13.0703722 C14.3152809,13.0733303 14.1971848,13.1068152 14.0929993,13.1676638 C13.9885931,13.228471 14.0439826,13.2163096 13.3577177,13.9946725 C13.3111579,14.0856547 13.2155661,14.1425758 13.112634,14.1406251 L13.0636019,14.1406251 C12.9899137,14.1283817 12.9216173,14.094492 12.867535,14.0433335 L12.622436,13.9460267 C12.0965391,13.7250708 11.6150086,13.4119794 11.200874,13.0217264 C11.1028405,12.9244196 10.9557903,12.8271128 10.8577415,12.7298213 C10.494858,12.3848257 10.181476,11.991968 9.92639285,11.5622769 L9.87736076,11.4649853 C9.83477946,11.4055169 9.8017116,11.3398766 9.7793273,11.2703869 C9.76650877,11.1861167 9.78385277,11.100053 9.82834403,11.0271581 C9.87295356,10.9541741 10.0244263,10.7838987 10.1714765,10.6379613 C10.3185421,10.492024 10.3185421,10.3947324 10.4165755,10.2974256 C10.5185177,10.1569253 10.5542629,9.97954085 10.514609,9.81093737 C10.2861641,9.18145388 10.0243664,8.56438853 9.73031057,7.96232156 C9.65149249,7.84066863 9.52869474,7.75361819 9.38717809,7.71907742 L8.84796332,7.71907742 C8.74992986,7.71907742 8.6518964,7.7677232 8.55384758,7.7677232 L8.50483084,7.81636898 C8.40679738,7.86501476 8.30876392,7.96232156 8.2107151,8.01096734 C8.11268163,8.05961312 8.0636649,8.2055657 7.96563144,8.30285726 C7.6229462,8.73262352 7.4333356,9.26292793 7.42641667,9.81093737 C7.43184681,10.1964266 7.51518738,10.5769127 7.67150033,10.9298513 L7.72053242,11.0757886 C8.16068023,12.009714 8.7762451,12.8517727 9.53424364,13.5568453 L9.73031057,13.7514436 C9.87299432,13.8687239 10.0042851,13.9990212 10.1224598,14.1406251 C11.1381289,15.0177426 12.3444902,15.6501682 13.6469348,15.9892561 C13.793985,16.0379019 13.9900673,16.0379019 14.1371175,16.0865477 L14.6273155,16.0865477 C14.8835166,16.074006 15.1341242,16.0076807 15.3625972,15.8919493 C15.4826821,15.8379544 15.5973923,15.7727733 15.7057297,15.6973662 L15.8037631,15.6000594 C15.901812,15.5027679 15.9998454,15.4541221 16.0978789,15.3568305 C16.1936893,15.2721132 16.2762902,15.1737434 16.3429779,15.0649406 C16.4370956,14.8469947 16.5032651,14.6183504 16.5390602,14.3838692 L16.5390602,14.0433335 C16.4950076,14.0040492 16.4454757,13.9712762 16.3919946,13.9460267 L15.8576938,13.7027978 Z\"\/><\/svg><span class=\"font-weight-bold \" >Bir toplant\u0131 planlayal\u0131m!<\/span><\/a>\t\t\t\t<\/div>\n\t\t\t\t<\/div>\n\t\t\t\t<\/div>\n\t\t<div class=\"elementor-element elementor-element-c9d0cc3 e-con-full e-flex e-con e-child\" data-id=\"c9d0cc3\" data-element_type=\"container\">\n\t\t\t\t<div class=\"elementor-element elementor-element-b03f735 elementor-arrows-position-outside elementor-widget elementor-widget-n-carousel\" data-id=\"b03f735\" data-element_type=\"widget\" data-settings=\"{&quot;carousel_items&quot;:[{&quot;slide_title&quot;:&quot;Slide #2&quot;,&quot;_id&quot;:&quot;16c685c&quot;},{&quot;slide_title&quot;:&quot;Slide #1&quot;,&quot;_id&quot;:&quot;281f914&quot;},{&quot;slide_title&quot;:&quot;Slide #2&quot;,&quot;_id&quot;:&quot;03703e1&quot;},{&quot;slide_title&quot;:&quot;Slide #2&quot;,&quot;_id&quot;:&quot;1223c57&quot;}],&quot;slides_to_show&quot;:&quot;3&quot;,&quot;slides_to_show_tablet&quot;:&quot;2&quot;,&quot;slides_to_show_mobile&quot;:&quot;1&quot;,&quot;autoplay&quot;:&quot;yes&quot;,&quot;autoplay_speed&quot;:5000,&quot;pause_on_hover&quot;:&quot;yes&quot;,&quot;pause_on_interaction&quot;:&quot;yes&quot;,&quot;infinite&quot;:&quot;yes&quot;,&quot;speed&quot;:500,&quot;offset_sides&quot;:&quot;none&quot;,&quot;arrows&quot;:&quot;yes&quot;,&quot;image_spacing_custom&quot;:{&quot;unit&quot;:&quot;px&quot;,&quot;size&quot;:10,&quot;sizes&quot;:[]},&quot;image_spacing_custom_tablet&quot;:{&quot;unit&quot;:&quot;px&quot;,&quot;size&quot;:&quot;&quot;,&quot;sizes&quot;:[]},&quot;image_spacing_custom_mobile&quot;:{&quot;unit&quot;:&quot;px&quot;,&quot;size&quot;:&quot;&quot;,&quot;sizes&quot;:[]}}\" data-widget_type=\"nested-carousel.default\">\n\t\t\t\t\t\t\t<div class=\"e-n-carousel swiper\" role=\"region\" aria-roledescription=\"carousel\" aria-label=\"Carousel\" dir=\"ltr\">\n\t\t\t<div class=\"swiper-wrapper\" aria-live=\"off\">\n\t\t\t\t\t\t\t\t\t\t<div class=\"swiper-slide\" data-slide=\"1\" role=\"group\" aria-roledescription=\"slide\" aria-label=\"1 of 4\">\n\t\t\t\t\t\t\t<div class=\"elementor-element elementor-element-e960ab4 e-flex e-con-boxed e-con e-child\" data-id=\"e960ab4\" data-element_type=\"container\" data-settings=\"{&quot;background_background&quot;:&quot;classic&quot;}\">\n\t\t\t\t\t<div class=\"e-con-inner\">\n\t\t\t\t<div class=\"elementor-element elementor-element-9ba6c05 elementor-widget elementor-widget-pix-card\" data-id=\"9ba6c05\" data-element_type=\"widget\" data-widget_type=\"pix-card.default\">\n\t\t\t\t<div class=\"elementor-widget-container\">\n\t\t\t\t\t<a href=\"https:\/\/rtnhouse.com\/tr\/vaka-calismalari\/basari-hikayesi-dr-samet-agcayazi-ile-saglik-turizminde-dort-kat-buyume\/\" class=\" fly\"><div class=\"card    rounded-0  overflow-hidden \" ><img decoding=\"async\"   srcset=\"\" src=\"https:\/\/rtnhouse.com\/wp-content\/uploads\/2025\/11\/SAMET-TURKCE.jpg\" alt=\"Bu rakam\u0131 toplamda %300'\u00fcn \u00fczerinde art\u0131rarak istikrarl\u0131 bir b\u00fcy\u00fcme seviyesine ula\u015fm\u0131\u015ft\u0131r.\"><div class=\"pix-card-content bg-white\"><div class=\"card-body\"><div class=\"d-flex justify-content-between align-items-center font-weight-bold text-heading-default\"><h6 style=\"\" class=\"card-title mb-0 font-weight-bold text-heading-default\">Bu rakam\u0131 toplamda %300'\u00fcn \u00fczerinde art\u0131rarak istikrarl\u0131 bir b\u00fcy\u00fcme seviyesine ula\u015fm\u0131\u015ft\u0131r.<\/h6><h6 style=\"\" class=\"font-weight-bold text-heading-default\"><svg class=\"pixfort-icon \" width=\"24\" height=\"24\"  data-name=\"Line\/pixfort-icon-arrow-right-2\" viewBox=\"2 2 20 20\"><polyline fill=\"none\" stroke=\"var(--pf-icon-color)\" stroke-linecap=\"round\" stroke-linejoin=\"round\" stroke-width=\"var(--pf-icon-stroke-width)\" points=\"9.5 17 14.5 12 9.5 7\"\/><\/svg><\/h6><\/div><\/div><\/div><\/div><\/a>\t\t\t\t<\/div>\n\t\t\t\t<\/div>\n\t\t\t\t\t<\/div>\n\t\t\t\t<\/div>\n\t\t\t\t\t\t\t\t<\/div>\n\t\t\t\t\t\t\t\t\t\t\t<div class=\"swiper-slide\" data-slide=\"2\" role=\"group\" aria-roledescription=\"slide\" aria-label=\"2 of 4\">\n\t\t\t\t\t\t\t<div class=\"elementor-element elementor-element-9005b48 e-flex e-con-boxed e-con e-child\" data-id=\"9005b48\" data-element_type=\"container\" data-settings=\"{&quot;background_background&quot;:&quot;classic&quot;}\">\n\t\t\t\t\t<div class=\"e-con-inner\">\n\t\t\t\t<div class=\"elementor-element elementor-element-86b1028 elementor-widget elementor-widget-pix-card\" data-id=\"86b1028\" data-element_type=\"widget\" data-widget_type=\"pix-card.default\">\n\t\t\t\t<div class=\"elementor-widget-container\">\n\t\t\t\t\t<a href=\"https:\/\/rtnhouse.com\/tr\/vaka-calismalari\/vaka-calismasi-yurtdisindaki-dis-hekimimiz-ingiltere-pazarinda-potansiyel-musteri-kalitesinde-%120-artis\/\" class=\" fly\"><div class=\"card    rounded-0  overflow-hidden \" ><img decoding=\"async\"   srcset=\"\" src=\"https:\/\/rtnhouse.com\/wp-content\/uploads\/2025\/11\/OUR-DENTIST-1.webp\" alt=\"Vaka \u00c7al\u0131\u015fmas\u0131: Yurtd\u0131\u015f\u0131ndaki Di\u015f Hekimimiz \u2013 \u0130ngiltere Pazar\u0131nda Potansiyel M\u00fc\u015fteri Kalitesinde %120 Art\u0131\u015f\"><div class=\"pix-card-content bg-white\"><div class=\"card-body\"><div class=\"d-flex justify-content-between align-items-center font-weight-bold text-heading-default\"><h6 style=\"\" class=\"card-title mb-0 font-weight-bold text-heading-default\">Vaka \u00c7al\u0131\u015fmas\u0131: Yurtd\u0131\u015f\u0131ndaki Di\u015f Hekimimiz \u2013 \u0130ngiltere Pazar\u0131nda Potansiyel M\u00fc\u015fteri Kalitesinde %120 Art\u0131\u015f<\/h6><h6 style=\"\" class=\"font-weight-bold text-heading-default\"><svg class=\"pixfort-icon \" width=\"24\" height=\"24\"  data-name=\"Line\/pixfort-icon-arrow-right-2\" viewBox=\"2 2 20 20\"><polyline fill=\"none\" stroke=\"var(--pf-icon-color)\" stroke-linecap=\"round\" stroke-linejoin=\"round\" stroke-width=\"var(--pf-icon-stroke-width)\" points=\"9.5 17 14.5 12 9.5 7\"\/><\/svg><\/h6><\/div><\/div><\/div><\/div><\/a>\t\t\t\t<\/div>\n\t\t\t\t<\/div>\n\t\t\t\t\t<\/div>\n\t\t\t\t<\/div>\n\t\t\t\t\t\t\t\t<\/div>\n\t\t\t\t\t\t\t\t\t\t\t<div class=\"swiper-slide\" data-slide=\"3\" role=\"group\" aria-roledescription=\"slide\" aria-label=\"3 of 4\">\n\t\t\t\t\t\t\t<div class=\"elementor-element elementor-element-1ca8b07 e-flex e-con-boxed e-con e-child\" data-id=\"1ca8b07\" data-element_type=\"container\" data-settings=\"{&quot;background_background&quot;:&quot;classic&quot;}\">\n\t\t\t\t\t<div class=\"e-con-inner\">\n\t\t\t\t<div class=\"elementor-element elementor-element-8ef9e53 elementor-widget elementor-widget-pix-card\" data-id=\"8ef9e53\" data-element_type=\"widget\" data-widget_type=\"pix-card.default\">\n\t\t\t\t<div class=\"elementor-widget-container\">\n\t\t\t\t\t<a href=\"https:\/\/rtnhouse.com\/tr\/vaka-calismalari\/egeden-tatlarin-e-ticaret-donusum-hikayesi-artik-e-kitapta\/\" class=\" fly\"><div class=\"card    rounded-0  overflow-hidden \" ><img decoding=\"async\"   srcset=\"\" src=\"https:\/\/rtnhouse.com\/wp-content\/uploads\/2025\/11\/EGEDEN-TATLAR-2.webp\" alt=\"Bir Y\u0131lda Yedi Haneli Gelir. Re\u00e7elle Ba\u015flad\u0131, Sekt\u00f6r\u00fcn Ba\u015far\u0131 Modeline D\u00f6n\u00fc\u015ft\u00fc. \"><div class=\"pix-card-content bg-white\"><div class=\"card-body\"><div class=\"d-flex justify-content-between align-items-center font-weight-bold text-heading-default\"><h6 style=\"\" class=\"card-title mb-0 font-weight-bold text-heading-default\">Bir Y\u0131lda Yedi Haneli Gelir. Re\u00e7elle Ba\u015flad\u0131, Sekt\u00f6r\u00fcn Ba\u015far\u0131 Modeline D\u00f6n\u00fc\u015ft\u00fc. <\/h6><h6 style=\"\" class=\"font-weight-bold text-heading-default\"><svg class=\"pixfort-icon \" width=\"24\" height=\"24\"  data-name=\"Line\/pixfort-icon-arrow-right-2\" viewBox=\"2 2 20 20\"><polyline fill=\"none\" stroke=\"var(--pf-icon-color)\" stroke-linecap=\"round\" stroke-linejoin=\"round\" stroke-width=\"var(--pf-icon-stroke-width)\" points=\"9.5 17 14.5 12 9.5 7\"\/><\/svg><\/h6><\/div><\/div><\/div><\/div><\/a>\t\t\t\t<\/div>\n\t\t\t\t<\/div>\n\t\t\t\t\t<\/div>\n\t\t\t\t<\/div>\n\t\t\t\t\t\t\t\t<\/div>\n\t\t\t\t\t\t\t\t\t\t\t<div class=\"swiper-slide\" data-slide=\"4\" role=\"group\" aria-roledescription=\"slide\" aria-label=\"4 of 4\">\n\t\t\t\t\t\t\t<div class=\"elementor-element elementor-element-f2a9213 e-flex e-con-boxed e-con e-child\" data-id=\"f2a9213\" data-element_type=\"container\" data-settings=\"{&quot;background_background&quot;:&quot;classic&quot;}\">\n\t\t\t\t\t<div class=\"e-con-inner\">\n\t\t\t\t<div class=\"elementor-element elementor-element-711947f elementor-widget elementor-widget-pix-card\" data-id=\"711947f\" data-element_type=\"widget\" data-widget_type=\"pix-card.default\">\n\t\t\t\t<div class=\"elementor-widget-container\">\n\t\t\t\t\t<a href=\"https:\/\/rtnhouse.com\/tr\/vaka-calismalari\/yoyo-junior-blogu-6-ayda-46-bin-goruntulenmeden-700-bin-goruntulenmeye-nasil-ulasti\/\" class=\" fly\"><div class=\"card    rounded-0  overflow-hidden \" ><img decoding=\"async\"   srcset=\"\" src=\"https:\/\/rtnhouse.com\/wp-content\/uploads\/2025\/11\/YOYO-JUNIOR-2.webp\" alt=\"Yoyo Junior Blogu 46.000'den 6 Ayda 700.000 G\u00f6r\u00fcnt\u00fcleme Say\u0131s\u0131na Nas\u0131l Ula\u015ft\u0131?\"><div class=\"pix-card-content bg-white\"><div class=\"card-body\"><div class=\"d-flex justify-content-between align-items-center font-weight-bold text-heading-default\"><h6 style=\"\" class=\"card-title mb-0 font-weight-bold text-heading-default\">Yoyo Junior Blogu 46.000'den 6 Ayda 700.000 G\u00f6r\u00fcnt\u00fcleme Say\u0131s\u0131na Nas\u0131l Ula\u015ft\u0131?<\/h6><h6 style=\"\" class=\"font-weight-bold text-heading-default\"><svg class=\"pixfort-icon \" width=\"24\" height=\"24\"  data-name=\"Line\/pixfort-icon-arrow-right-2\" viewBox=\"2 2 20 20\"><polyline fill=\"none\" stroke=\"var(--pf-icon-color)\" stroke-linecap=\"round\" stroke-linejoin=\"round\" stroke-width=\"var(--pf-icon-stroke-width)\" points=\"9.5 17 14.5 12 9.5 7\"\/><\/svg><\/h6><\/div><\/div><\/div><\/div><\/a>\t\t\t\t<\/div>\n\t\t\t\t<\/div>\n\t\t\t\t\t<\/div>\n\t\t\t\t<\/div>\n\t\t\t\t\t\t\t\t<\/div>\n\t\t\t\t\t\t\t\t<\/div>\n\t\t<\/div>\n\t\t\t\t\t<div class=\"elementor-swiper-button elementor-swiper-button-prev\" role=\"button\" tabindex=\"0\" aria-label=\"Previous\">\n\t\t\t\t<svg aria-hidden=\"true\" class=\"e-font-icon-svg e-eicon-chevron-left\" viewBox=\"0 0 1000 1000\" xmlns=\"http:\/\/www.w3.org\/2000\/svg\"><path d=\"M646 125C629 125 613 133 604 142L308 442C296 454 292 471 292 487 292 504 296 521 308 533L604 854C617 867 629 875 646 875 663 875 679 871 692 858 704 846 713 829 713 812 713 796 708 779 692 767L438 487 692 225C700 217 708 204 708 187 708 171 704 154 692 142 675 129 663 125 646 125Z\"><\/path><\/svg>\t\t\t<\/div>\n\t\t\t<div class=\"elementor-swiper-button elementor-swiper-button-next\" role=\"button\" tabindex=\"0\" aria-label=\"Next\">\n\t\t\t\t<svg aria-hidden=\"true\" class=\"e-font-icon-svg e-eicon-chevron-right\" viewBox=\"0 0 1000 1000\" xmlns=\"http:\/\/www.w3.org\/2000\/svg\"><path d=\"M696 533C708 521 713 504 713 487 713 471 708 454 696 446L400 146C388 133 375 125 354 125 338 125 325 129 313 142 300 154 292 171 292 187 292 204 296 221 308 233L563 492 304 771C292 783 288 800 288 817 288 833 296 850 308 863 321 871 338 875 354 875 371 875 388 867 400 854L696 533Z\"><\/path><\/svg>\t\t\t<\/div>\n\t\t\t\t\t\t<\/div>\n\t\t\t\t<\/div>\n\t\t\t\t\t<\/div>\n\t\t\t\t<\/div>\n\t\t\t\t<\/div>\n\t\t","protected":false},"excerpt":{"rendered":"<p>Vaka \u00c7al\u0131\u015fmalar\u0131 Ba\u015far\u0131 hikayeleriniokumaya ba\u015flay\u0131n! Birlikte ba\u015far\u0131 hikayeleri yazmak, bizi motive eden en \u00f6nemli fakt\u00f6rd\u00fcr. RTN House olarak, ger\u00e7ek b\u00fcy\u00fcmenin g\u00fcven ve ortak hedefler \u00fczerine kurulu g\u00fc\u00e7l\u00fc ve kar\u015f\u0131l\u0131kl\u0131 ortakl\u0131klardan geldi\u011fine inan\u0131yoruz. Bu nedenle, bizim kadar kendi potansiyellerine inanan markalarla&#8230;<\/p>\n","protected":false},"author":1,"featured_media":0,"parent":0,"menu_order":0,"comment_status":"closed","ping_status":"closed","template":"","meta":{"footnotes":""},"class_list":["post-8440","page","type-page","status-publish","hentry"],"_hostinger_reach_plugin_has_subscription_block":false,"_hostinger_reach_plugin_is_elementor":false,"_links":{"self":[{"href":"https:\/\/rtnhouse.com\/tr\/wp-json\/wp\/v2\/pages\/8440","targetHints":{"allow":["GET"]}}],"collection":[{"href":"https:\/\/rtnhouse.com\/tr\/wp-json\/wp\/v2\/pages"}],"about":[{"href":"https:\/\/rtnhouse.com\/tr\/wp-json\/wp\/v2\/types\/page"}],"author":[{"embeddable":true,"href":"https:\/\/rtnhouse.com\/tr\/wp-json\/wp\/v2\/users\/1"}],"replies":[{"embeddable":true,"href":"https:\/\/rtnhouse.com\/tr\/wp-json\/wp\/v2\/comments?post=8440"}],"version-history":[{"count":62,"href":"https:\/\/rtnhouse.com\/tr\/wp-json\/wp\/v2\/pages\/8440\/revisions"}],"predecessor-version":[{"id":9145,"href":"https:\/\/rtnhouse.com\/tr\/wp-json\/wp\/v2\/pages\/8440\/revisions\/9145"}],"wp:attachment":[{"href":"https:\/\/rtnhouse.com\/tr\/wp-json\/wp\/v2\/media?parent=8440"}],"curies":[{"name":"wp","href":"https:\/\/api.w.org\/{rel}","templated":true}]}}